{"id":787,"date":"2014-11-11T11:09:47","date_gmt":"2014-11-11T11:09:47","guid":{"rendered":"http:\/\/anpsthemes.com\/constructo\/?page_id=5"},"modified":"2025-01-07T17:18:03","modified_gmt":"2025-01-07T14:18:03","slug":"home","status":"publish","type":"page","link":"https:\/\/www.mcon-tr.com\/en\/","title":{"rendered":"HOME"},"content":{"rendered":"<div class=\"wpb-content-wrapper\"><div class=\"vc_row wpb_row vc_row-fluid\"><div class=\"wpb_column vc_column_container vc_col-sm-12\"><div class=\"vc_column-inner\"><div class=\"wpb_wrapper\">\n\t\t\t\t<p class=\"rs-p-wp-fix\"><\/p>\n\t\t\t\t<sr7-module data-alias=\"main-slider1\" data-id=\"2\" id=\"SR7_2_1\" class=\"rs-ov-hidden\" data-version=\"6.7.24\">\n\t\t\t\t\t<sr7-adjuster><\/sr7-adjuster>\n\t\t\t\t\t<sr7-content>\n\t\t\t\t\t\t<sr7-slide id=\"SR7_2_1-8\" data-key=\"8\">\n\t\t\t\t\t\t\t<sr7-bg id=\"SR7_2_1-8-1\" class=\"sr7-layer\"><noscript><img decoding=\"async\" src=\"http:\/\/www.mcon-tr.com\/wp-content\/uploads\/2025\/01\/yrtetrq.jpg\" alt=\"\" title=\"yrtetrq\"><\/noscript><\/sr7-bg>\n\t\t\t\t\t\t<\/sr7-slide>\n\t\t\t\t\t\t<sr7-slide id=\"SR7_2_1-11\" data-key=\"11\">\n\t\t\t\t\t\t\t<sr7-bg id=\"SR7_2_1-11-1\" class=\"sr7-layer\"><noscript><img decoding=\"async\" src=\"http:\/\/www.mcon-tr.com\/wp-content\/uploads\/2025\/01\/uytrew-1.jpg\" alt=\"\" title=\"uytrew\"><\/noscript><\/sr7-bg>\n\t\t\t\t\t\t<\/sr7-slide>\n\t\t\t\t\t\t<sr7-slide id=\"SR7_2_1-10\" data-key=\"10\">\n\t\t\t\t\t\t\t<sr7-bg id=\"SR7_2_1-10-1\" class=\"sr7-layer\"><noscript><img decoding=\"async\" src=\"http:\/\/www.mcon-tr.com\/wp-content\/uploads\/2025\/01\/slider2.jpg\" alt=\"\" title=\"slider2\"><\/noscript><\/sr7-bg>\n\t\t\t\t\t\t<\/sr7-slide>\n\t\t\t\t\t\t<sr7-slide id=\"SR7_2_1-9\" data-key=\"9\">\n\t\t\t\t\t\t\t<sr7-bg id=\"SR7_2_1-9-1\" class=\"sr7-layer\"><noscript><img decoding=\"async\" src=\"http:\/\/www.mcon-tr.com\/wp-content\/uploads\/2025\/01\/hgfds.jpg\" alt=\"\" title=\"hgfds\"><\/noscript><\/sr7-bg>\n\t\t\t\t\t\t<\/sr7-slide>\n\t\t\t\t\t<\/sr7-content>\n\t\t\t\t\t<image_lists style=\"display:none\">\n\t\t\t\t\t\t<img data-src=\"\/\/www.mcon-tr.com\/wp-content\/uploads\/2025\/01\/slider2.jpg\" data-libid=\"903\" data-lib=\"medialibrary\" title=\"slider2\" width=\"0\" height=\"0\" data-dbsrc=\"Ly93d3cubWNvbi10ci5jb20vd3AtY29udGVudC91cGxvYWRzLzIwMjUvMDEvc2xpZGVyMi5qcGc=\"\/>\n\t\t\t\t\t\t<img data-src=\"\/\/www.mcon-tr.com\/wp-content\/uploads\/2025\/01\/uytrew-1.jpg\" data-libid=\"905\" data-lib=\"medialibrary\" title=\"uytrew\" width=\"0\" height=\"0\" data-dbsrc=\"Ly93d3cubWNvbi10ci5jb20vd3AtY29udGVudC91cGxvYWRzLzIwMjUvMDEvdXl0cmV3LTEuanBn\"\/>\n\t\t\t\t\t<\/image_lists>\n\t\t\t\t<\/sr7-module>\n\t\t\t\t<script>\n\t\t\t\t\tSR7.PMH ??={}; SR7.PMH[\"SR7_2_1\"] = {cn:100,state:false,fn: function() { if (_tpt!==undefined && _tpt.prepareModuleHeight !== undefined) {  _tpt.prepareModuleHeight({id:\"SR7_2_1\",el:[800,800,450,500,299],type:'standard',shdw:'0',gh:[800,800,450,500,300],gw:[2000,2000,1024,778,480],vpt:['-100px&#039;,&#039;-100px&#039;,&#039;-100px&#039;,&#039;-100px&#039;,&#039;-100px'],size:{fullWidth:true, fullHeight:false},mh:'0',onh:0,onw:0,bg:{color:'{\"type\":\"solid\",\"orig\":\"#E9E9E9\",\"string\":\"rgba(233, 233, 233, 1)\"}'},plType:'0',plColor:'#FFFFFF'});   SR7.PMH[\"SR7_2_1\"].state=true;} else if(SR7.PMH[\"SR7_2_1\"].cn-->0)\tsetTimeout( SR7.PMH[\"SR7_2_1\"].fn,19);}};SR7.PMH[\"SR7_2_1\" ].fn();\n\t\t\t\t<\/script>\n<\/div><\/div><\/div><\/div><div class=\"vc_row wpb_row vc_row-fluid\"><div class=\"wpb_column vc_column_container vc_col-sm-12\"><div class=\"vc_column-inner\"><div class=\"wpb_wrapper\">\n\t<div class=\"wpb_text_column wpb_content_element\" >\n\t\t<div class=\"wpb_wrapper\">\n\t\t\t<h1 style=\"text-align: center;\">HANG\u0130 H\u0130ZMETLER\u0130 SA\u011eLIYORUZ?<\/h1>\n\n\t\t<\/div>\n\t<\/div>\n<div class=\"vc_row wpb_row vc_inner vc_row-fluid\"><div class=\"wpb_column vc_column_container vc_col-sm-4\"><div class=\"vc_column-inner\"><div class=\"wpb_wrapper\"><div class=\"vc_empty_space\"   style=\"height: 25px\"><span class=\"vc_empty_space_inner\"><\/span><\/div><\/div><\/div><\/div><div class=\"wpb_column vc_column_container vc_col-sm-4\"><div class=\"vc_column-inner\"><div class=\"wpb_wrapper\"><div class=\"vc_separator wpb_content_element vc_separator_align_center vc_sep_width_100 vc_sep_shadow vc_sep_border_width_8 vc_sep_pos_align_center vc_separator_no_text vc_sep_color_black wpb_content_element  wpb_content_element\" ><span class=\"vc_sep_holder vc_sep_holder_l\"><span class=\"vc_sep_line\"><\/span><\/span><span class=\"vc_sep_holder vc_sep_holder_r\"><span class=\"vc_sep_line\"><\/span><\/span>\n<\/div><\/div><\/div><\/div><div class=\"wpb_column vc_column_container vc_col-sm-4\"><div class=\"vc_column-inner\"><div class=\"wpb_wrapper\"><div class=\"vc_empty_space\"   style=\"height: 25px\"><span class=\"vc_empty_space_inner\"><\/span><\/div><\/div><\/div><\/div><\/div><div class=\"vc_row wpb_row vc_inner vc_row-fluid\"><div class=\"wpb_column vc_column_container vc_col-sm-6\"><div class=\"vc_column-inner\"><div class=\"wpb_wrapper\">\n\t<div class=\"wpb_text_column wpb_content_element\" >\n\t\t<div class=\"wpb_wrapper\">\n\t\t\t<h2 style=\"text-align: center;\"><strong>Dan\u0131\u015fmanl\u0131k<\/strong><\/h2>\n\n\t\t<\/div>\n\t<\/div>\n\n\t<div  class=\"wpb_single_image wpb_content_element vc_align_center wpb_content_element\">\n\t\t\n\t\t<figure class=\"wpb_wrapper vc_figure\">\n\t\t\t<a href=\"http:\/\/www.mcon-tr.com\/danismanlik\/\" target=\"_self\" class=\"vc_single_image-wrapper vc_box_border  vc_box_border_grey\"><img loading=\"lazy\" decoding=\"async\" width=\"500\" height=\"400\" src=\"https:\/\/www.mcon-tr.com\/wp-content\/uploads\/2025\/01\/mcon.danismanlik.jpg\" class=\"vc_single_image-img attachment-full\" alt=\"\" title=\"mcon.danismanlik\" srcset=\"https:\/\/www.mcon-tr.com\/wp-content\/uploads\/2025\/01\/mcon.danismanlik.jpg 500w, https:\/\/www.mcon-tr.com\/wp-content\/uploads\/2025\/01\/mcon.danismanlik-300x240.jpg 300w, https:\/\/www.mcon-tr.com\/wp-content\/uploads\/2025\/01\/mcon.danismanlik-370x296.jpg 370w, https:\/\/www.mcon-tr.com\/wp-content\/uploads\/2025\/01\/mcon.danismanlik-360x288.jpg 360w\" sizes=\"auto, (max-width: 500px) 100vw, 500px\" \/><\/a>\n\t\t<\/figure>\n\t<\/div>\n<div class=\"vc_btn3-container vc_btn3-center vc_do_btn\" ><a class=\"vc_general vc_btn3 vc_btn3-size-md vc_btn3-shape-rounded vc_btn3-style-modern vc_btn3-color-primary\" href=\"http:\/\/www.mcon-tr.com\/danismanlik\/\" title=\"\">\u0130nceleyiniz<\/a><\/div><\/div><\/div><\/div><div class=\"wpb_column vc_column_container vc_col-sm-6\"><div class=\"vc_column-inner\"><div class=\"wpb_wrapper\">\n\t<div class=\"wpb_text_column wpb_content_element\" >\n\t\t<div class=\"wpb_wrapper\">\n\t\t\t<h2 style=\"text-align: center;\"><strong>End\u00fcstriyel Borulama ve Montaj<\/strong><\/h2>\n\n\t\t<\/div>\n\t<\/div>\n\n\t<div  class=\"wpb_single_image wpb_content_element vc_align_center wpb_content_element\">\n\t\t\n\t\t<figure class=\"wpb_wrapper vc_figure\">\n\t\t\t<a href=\"https:\/\/www.mcon-tr.com\/endustriyel-borulama-ve-montaj\/\" target=\"_self\" class=\"vc_single_image-wrapper vc_box_border  vc_box_border_grey\"><img loading=\"lazy\" decoding=\"async\" width=\"500\" height=\"400\" src=\"https:\/\/www.mcon-tr.com\/wp-content\/uploads\/2025\/01\/MCON.Endustriyel-Borulama-ve-Montaj1-1.jpg\" class=\"vc_single_image-img attachment-full\" alt=\"\" title=\"MCON.End\u00fcstriyel Borulama ve Montaj1\" srcset=\"https:\/\/www.mcon-tr.com\/wp-content\/uploads\/2025\/01\/MCON.Endustriyel-Borulama-ve-Montaj1-1.jpg 500w, https:\/\/www.mcon-tr.com\/wp-content\/uploads\/2025\/01\/MCON.Endustriyel-Borulama-ve-Montaj1-1-300x240.jpg 300w, https:\/\/www.mcon-tr.com\/wp-content\/uploads\/2025\/01\/MCON.Endustriyel-Borulama-ve-Montaj1-1-370x296.jpg 370w, https:\/\/www.mcon-tr.com\/wp-content\/uploads\/2025\/01\/MCON.Endustriyel-Borulama-ve-Montaj1-1-360x288.jpg 360w\" sizes=\"auto, (max-width: 500px) 100vw, 500px\" \/><\/a>\n\t\t<\/figure>\n\t<\/div>\n<div class=\"vc_btn3-container vc_btn3-center vc_do_btn\" ><a class=\"vc_general vc_btn3 vc_btn3-size-md vc_btn3-shape-rounded vc_btn3-style-modern vc_btn3-color-primary\" href=\"http:\/\/www.mcon-tr.com\/endustriyel-borulama-ve-montaj\/\" title=\"\">\u0130nceleyiniz<\/a><\/div><\/div><\/div><\/div><\/div><div class=\"vc_empty_space\"   style=\"height: 32px\"><span class=\"vc_empty_space_inner\"><\/span><\/div><div class=\"vc_row wpb_row vc_inner vc_row-fluid\"><div class=\"wpb_column vc_column_container vc_col-sm-6\"><div class=\"vc_column-inner\"><div class=\"wpb_wrapper\">\n\t<div class=\"wpb_text_column wpb_content_element\" >\n\t\t<div class=\"wpb_wrapper\">\n\t\t\t<h2 style=\"text-align: center;\"><strong>Mekanik<\/strong><\/h2>\n\n\t\t<\/div>\n\t<\/div>\n\n\t<div  class=\"wpb_single_image wpb_content_element vc_align_center wpb_content_element\">\n\t\t\n\t\t<figure class=\"wpb_wrapper vc_figure\">\n\t\t\t<a href=\"http:\/\/www.mcon-tr.com\/mekanik\/\" target=\"_self\" class=\"vc_single_image-wrapper vc_box_border  vc_box_border_grey\"><img loading=\"lazy\" decoding=\"async\" width=\"500\" height=\"400\" src=\"https:\/\/www.mcon-tr.com\/wp-content\/uploads\/2025\/01\/mekanik.jpg\" class=\"vc_single_image-img attachment-full\" alt=\"\" title=\"mekanik,\" srcset=\"https:\/\/www.mcon-tr.com\/wp-content\/uploads\/2025\/01\/mekanik.jpg 500w, https:\/\/www.mcon-tr.com\/wp-content\/uploads\/2025\/01\/mekanik-300x240.jpg 300w, https:\/\/www.mcon-tr.com\/wp-content\/uploads\/2025\/01\/mekanik-370x296.jpg 370w, https:\/\/www.mcon-tr.com\/wp-content\/uploads\/2025\/01\/mekanik-360x288.jpg 360w\" sizes=\"auto, (max-width: 500px) 100vw, 500px\" \/><\/a>\n\t\t<\/figure>\n\t<\/div>\n<div class=\"vc_btn3-container vc_btn3-center vc_do_btn\" ><a class=\"vc_general vc_btn3 vc_btn3-size-md vc_btn3-shape-rounded vc_btn3-style-modern vc_btn3-color-primary\" href=\"http:\/\/www.mcon-tr.com\/mekanik\/\" title=\"\">\u0130nceleyiniz<\/a><\/div><\/div><\/div><\/div><div class=\"wpb_column vc_column_container vc_col-sm-6\"><div class=\"vc_column-inner\"><div class=\"wpb_wrapper\">\n\t<div class=\"wpb_text_column wpb_content_element\" >\n\t\t<div class=\"wpb_wrapper\">\n\t\t\t<h2 style=\"text-align: center;\"><strong>\u00c7elik Konstr\u00fcksiyon<\/strong><\/h2>\n\n\t\t<\/div>\n\t<\/div>\n\n\t<div  class=\"wpb_single_image wpb_content_element vc_align_center wpb_content_element\">\n\t\t\n\t\t<figure class=\"wpb_wrapper vc_figure\">\n\t\t\t<a href=\"http:\/\/www.mcon-tr.com\/celik-konstruksiyon\/\" target=\"_self\" class=\"vc_single_image-wrapper vc_box_border  vc_box_border_grey\"><img loading=\"lazy\" decoding=\"async\" width=\"500\" height=\"400\" src=\"https:\/\/www.mcon-tr.com\/wp-content\/uploads\/2025\/01\/mcon.celik_.konstruksiyon1.jpg\" class=\"vc_single_image-img attachment-full\" alt=\"\" title=\"mcon.celik.konstruksiyon1\" srcset=\"https:\/\/www.mcon-tr.com\/wp-content\/uploads\/2025\/01\/mcon.celik_.konstruksiyon1.jpg 500w, https:\/\/www.mcon-tr.com\/wp-content\/uploads\/2025\/01\/mcon.celik_.konstruksiyon1-300x240.jpg 300w, https:\/\/www.mcon-tr.com\/wp-content\/uploads\/2025\/01\/mcon.celik_.konstruksiyon1-370x296.jpg 370w, https:\/\/www.mcon-tr.com\/wp-content\/uploads\/2025\/01\/mcon.celik_.konstruksiyon1-360x288.jpg 360w\" sizes=\"auto, (max-width: 500px) 100vw, 500px\" \/><\/a>\n\t\t<\/figure>\n\t<\/div>\n<div class=\"vc_btn3-container vc_btn3-center vc_do_btn\" ><a class=\"vc_general vc_btn3 vc_btn3-size-md vc_btn3-shape-rounded vc_btn3-style-modern vc_btn3-color-primary\" href=\"http:\/\/www.mcon-tr.com\/celik-konstruksiyon\/\" title=\"\">\u0130nceleyiniz<\/a><\/div><\/div><\/div><\/div><\/div><div class=\"vc_row wpb_row vc_inner vc_row-fluid\"><div class=\"wpb_column vc_column_container vc_col-sm-6\"><div class=\"vc_column-inner\"><div class=\"wpb_wrapper\">\n\t<div class=\"wpb_text_column wpb_content_element\" >\n\t\t<div class=\"wpb_wrapper\">\n\t\t\t<h2 style=\"text-align: center;\"><strong><b>Elektrik ve Enstr\u00fcmantasyon \u0130\u015fleri<\/b><\/strong><\/h2>\n\n\t\t<\/div>\n\t<\/div>\n\n\t<div  class=\"wpb_single_image wpb_content_element vc_align_center wpb_content_element\">\n\t\t\n\t\t<figure class=\"wpb_wrapper vc_figure\">\n\t\t\t<a href=\"http:\/\/www.mcon-tr.com\/elektrik-ve-enstrumantasyon-isleri\/\" target=\"_self\" class=\"vc_single_image-wrapper vc_box_border  vc_box_border_grey\"><img loading=\"lazy\" decoding=\"async\" width=\"500\" height=\"400\" src=\"https:\/\/www.mcon-tr.com\/wp-content\/uploads\/2025\/01\/mcon.Elektrik-ve-Enstrumantasyon-Isleri.jpg\" class=\"vc_single_image-img attachment-full\" alt=\"\" title=\"mcon.Elektrik ve Enstr\u00fcmantasyon \u0130\u015fleri\" srcset=\"https:\/\/www.mcon-tr.com\/wp-content\/uploads\/2025\/01\/mcon.Elektrik-ve-Enstrumantasyon-Isleri.jpg 500w, https:\/\/www.mcon-tr.com\/wp-content\/uploads\/2025\/01\/mcon.Elektrik-ve-Enstrumantasyon-Isleri-300x240.jpg 300w, https:\/\/www.mcon-tr.com\/wp-content\/uploads\/2025\/01\/mcon.Elektrik-ve-Enstrumantasyon-Isleri-370x296.jpg 370w, https:\/\/www.mcon-tr.com\/wp-content\/uploads\/2025\/01\/mcon.Elektrik-ve-Enstrumantasyon-Isleri-360x288.jpg 360w\" sizes=\"auto, (max-width: 500px) 100vw, 500px\" \/><\/a>\n\t\t<\/figure>\n\t<\/div>\n<div class=\"vc_btn3-container vc_btn3-center vc_do_btn\" ><a class=\"vc_general vc_btn3 vc_btn3-size-md vc_btn3-shape-rounded vc_btn3-style-modern vc_btn3-color-primary\" href=\"http:\/\/www.mcon-tr.com\/elektrik-ve-enstrumantasyon-isleri\/\" title=\"\">\u0130nceleyiniz<\/a><\/div><\/div><\/div><\/div><div class=\"wpb_column vc_column_container vc_col-sm-6\"><div class=\"vc_column-inner\"><div class=\"wpb_wrapper\">\n\t<div class=\"wpb_text_column wpb_content_element\" >\n\t\t<div class=\"wpb_wrapper\">\n\t\t\t<h2 style=\"text-align: center;\"><strong><b>\u0130n\u015faat<\/b><\/strong><\/h2>\n\n\t\t<\/div>\n\t<\/div>\n\n\t<div  class=\"wpb_single_image wpb_content_element vc_align_center wpb_content_element\">\n\t\t\n\t\t<figure class=\"wpb_wrapper vc_figure\">\n\t\t\t<a href=\"http:\/\/www.mcon-tr.com\/insaat-taahhut\/\" target=\"_self\" class=\"vc_single_image-wrapper vc_box_border  vc_box_border_grey\"><img loading=\"lazy\" decoding=\"async\" width=\"500\" height=\"400\" src=\"https:\/\/www.mcon-tr.com\/wp-content\/uploads\/2025\/01\/macon.insaat.jpg\" class=\"vc_single_image-img attachment-full\" alt=\"\" title=\"macon.insaat.\" srcset=\"https:\/\/www.mcon-tr.com\/wp-content\/uploads\/2025\/01\/macon.insaat.jpg 500w, https:\/\/www.mcon-tr.com\/wp-content\/uploads\/2025\/01\/macon.insaat-300x240.jpg 300w, https:\/\/www.mcon-tr.com\/wp-content\/uploads\/2025\/01\/macon.insaat-370x296.jpg 370w, https:\/\/www.mcon-tr.com\/wp-content\/uploads\/2025\/01\/macon.insaat-360x288.jpg 360w\" sizes=\"auto, (max-width: 500px) 100vw, 500px\" \/><\/a>\n\t\t<\/figure>\n\t<\/div>\n<div class=\"vc_btn3-container vc_btn3-center vc_do_btn\" ><a class=\"vc_general vc_btn3 vc_btn3-size-md vc_btn3-shape-rounded vc_btn3-style-modern vc_btn3-color-primary\" href=\"http:\/\/www.mcon-tr.com\/insaat-taahhut\/\" title=\"\">\u0130nceleyiniz<\/a><\/div><\/div><\/div><\/div><\/div><div class=\"vc_row wpb_row vc_inner vc_row-fluid\"><div class=\"wpb_column vc_column_container vc_col-sm-6\"><div class=\"vc_column-inner\"><div class=\"wpb_wrapper\">\n\t<div class=\"wpb_text_column wpb_content_element\" >\n\t\t<div class=\"wpb_wrapper\">\n\t\t\t<h2 style=\"text-align: center;\"><strong>\u0130skele<\/strong><\/h2>\n\n\t\t<\/div>\n\t<\/div>\n\n\t<div  class=\"wpb_single_image wpb_content_element vc_align_center wpb_content_element\">\n\t\t\n\t\t<figure class=\"wpb_wrapper vc_figure\">\n\t\t\t<a href=\"http:\/\/www.mcon-tr.com\/iskele\/\" target=\"_self\" class=\"vc_single_image-wrapper vc_box_border  vc_box_border_grey\"><img loading=\"lazy\" decoding=\"async\" width=\"500\" height=\"400\" src=\"https:\/\/www.mcon-tr.com\/wp-content\/uploads\/2025\/01\/mcon.iskele.jpg\" class=\"vc_single_image-img attachment-full\" alt=\"\" title=\"mcon.iskele\" srcset=\"https:\/\/www.mcon-tr.com\/wp-content\/uploads\/2025\/01\/mcon.iskele.jpg 500w, https:\/\/www.mcon-tr.com\/wp-content\/uploads\/2025\/01\/mcon.iskele-300x240.jpg 300w, https:\/\/www.mcon-tr.com\/wp-content\/uploads\/2025\/01\/mcon.iskele-370x296.jpg 370w, https:\/\/www.mcon-tr.com\/wp-content\/uploads\/2025\/01\/mcon.iskele-360x288.jpg 360w\" sizes=\"auto, (max-width: 500px) 100vw, 500px\" \/><\/a>\n\t\t<\/figure>\n\t<\/div>\n<div class=\"vc_btn3-container vc_btn3-center vc_do_btn\" ><a class=\"vc_general vc_btn3 vc_btn3-size-md vc_btn3-shape-rounded vc_btn3-style-modern vc_btn3-color-primary\" href=\"http:\/\/www.mcon-tr.com\/iskele\/\" title=\"\">\u0130nceleyiniz<\/a><\/div><\/div><\/div><\/div><div class=\"wpb_column vc_column_container vc_col-sm-6\"><div class=\"vc_column-inner\"><div class=\"wpb_wrapper\"><\/div><\/div><\/div><\/div><\/div><\/div><\/div><\/div><div class=\"vc_row wpb_row vc_row-fluid\"><div class=\"wpb_column vc_column_container vc_col-sm-12\"><div class=\"vc_column-inner\"><div class=\"wpb_wrapper\">\n\t<div class=\"wpb_text_column wpb_content_element\" >\n\t\t<div class=\"wpb_wrapper\">\n\t\t\t<h1 style=\"text-align: center;\">B\u0130Z K\u0130M\u0130Z?<\/h1>\n\n\t\t<\/div>\n\t<\/div>\n<div class=\"vc_row wpb_row vc_inner vc_row-fluid\"><div class=\"wpb_column vc_column_container vc_col-sm-4\"><div class=\"vc_column-inner\"><div class=\"wpb_wrapper\"><div class=\"vc_empty_space\"   style=\"height: 25px\"><span class=\"vc_empty_space_inner\"><\/span><\/div><\/div><\/div><\/div><div class=\"wpb_column vc_column_container vc_col-sm-4\"><div class=\"vc_column-inner\"><div class=\"wpb_wrapper\"><div class=\"vc_separator wpb_content_element vc_separator_align_center vc_sep_width_100 vc_sep_shadow vc_sep_border_width_8 vc_sep_pos_align_center vc_separator_no_text vc_sep_color_black wpb_content_element  wpb_content_element\" ><span class=\"vc_sep_holder vc_sep_holder_l\"><span class=\"vc_sep_line\"><\/span><\/span><span class=\"vc_sep_holder vc_sep_holder_r\"><span class=\"vc_sep_line\"><\/span><\/span>\n<\/div><\/div><\/div><\/div><div class=\"wpb_column vc_column_container vc_col-sm-4\"><div class=\"vc_column-inner\"><div class=\"wpb_wrapper\"><div class=\"vc_empty_space\"   style=\"height: 25px\"><span class=\"vc_empty_space_inner\"><\/span><\/div><\/div><\/div><\/div><\/div><div class=\"vc_row wpb_row vc_inner vc_row-fluid\"><div class=\"wpb_column vc_column_container vc_col-sm-6\"><div class=\"vc_column-inner\"><div class=\"wpb_wrapper\">\n\t<div class=\"wpb_text_column wpb_content_element\" >\n\t\t<div class=\"wpb_wrapper\">\n\t\t\t<p>Hayat\u0131n her alan\u0131nda, insan ya\u015faman\u0131n en de\u011ferli par\u00e7as\u0131na hizmet etmek i\u00e7in; i\u015f g\u00fcc\u00fcm\u00fcz\u00fc daha da ileriye ta\u015f\u0131yacak bir vizyon ile hareket ederek temsilcisi oldu\u011fumuz sekt\u00f6r\u00fcm\u00fcz ile birlikte bug\u00fcn\u00fc yar\u0131nlara ta\u015f\u0131rken, sahip oldu\u011fumuz tecr\u00fcbemizle de gelece\u011fin ba\u015flang\u0131c\u0131n\u0131 yaz\u0131yoruz.<br \/>\nG\u00fcvenilir, y\u00fcksek kalite ve uygun maliyetli makine imalat, borulama, konstr\u00fcksiyon, montaj-demontaj, silo-banker imalat\u0131, ve bilimum proje taahh\u00fct i\u015flerini y\u00fcksek kalite ve \u00f6zverili \u00e7al\u0131\u015fmam\u0131zla y\u00fcr\u00fctmekteyiz.<br \/>\n\u00c7e\u015fitli sekt\u00f6rlerdeki her b\u00fcy\u00fckl\u00fckteki proje i\u00e7in yenilik\u00e7i, entegre i\u015f ve teknik \u00e7\u00f6z\u00fcmler ile geni\u015f bir hizmet yelpazesi sunarak i\u015f alan\u0131 zorluklar\u0131n\u0131za \u00e7\u00f6z\u00fcmler sunan, yetenekli profesyonellerden olu\u015fan entegre bir ekibiz.<\/p>\n<p>Sorunlar\u0131n\u0131z\u0131 opsiyonel sonu\u00e7larla \u00e7\u00f6zmek i\u00e7in m\u00fchendislik kaynaklar\u0131m\u0131z\u0131, ekiplerimizi, i\u015f g\u00fcc\u00fcm\u00fcz\u00fc ve donan\u0131ml\u0131 sistemlerimizi birbirine uyarlamaktay\u0131z.<\/p>\n\n\t\t<\/div>\n\t<\/div>\n<\/div><\/div><\/div><div class=\"wpb_column vc_column_container vc_col-sm-6\"><div class=\"vc_column-inner\"><div class=\"wpb_wrapper\">\n\t<div  class=\"wpb_single_image wpb_content_element vc_align_center wpb_content_element\">\n\t\t\n\t\t<figure class=\"wpb_wrapper vc_figure\">\n\t\t\t<div class=\"vc_single_image-wrapper vc_box_border  vc_box_border_grey\"><img loading=\"lazy\" decoding=\"async\" width=\"500\" height=\"350\" src=\"https:\/\/www.mcon-tr.com\/wp-content\/uploads\/2025\/01\/mcon.biz_.kimiz_-3.jpg\" class=\"vc_single_image-img attachment-full\" alt=\"\" title=\"mcon.biz.kimiz\" srcset=\"https:\/\/www.mcon-tr.com\/wp-content\/uploads\/2025\/01\/mcon.biz_.kimiz_-3.jpg 500w, https:\/\/www.mcon-tr.com\/wp-content\/uploads\/2025\/01\/mcon.biz_.kimiz_-3-300x210.jpg 300w, https:\/\/www.mcon-tr.com\/wp-content\/uploads\/2025\/01\/mcon.biz_.kimiz_-3-370x259.jpg 370w, https:\/\/www.mcon-tr.com\/wp-content\/uploads\/2025\/01\/mcon.biz_.kimiz_-3-360x252.jpg 360w\" sizes=\"auto, (max-width: 500px) 100vw, 500px\" \/><\/div>\n\t\t<\/figure>\n\t<\/div>\n<\/div><\/div><\/div><\/div><div class=\"vc_empty_space\"   style=\"height: 32px\"><span class=\"vc_empty_space_inner\"><\/span><\/div><\/div><\/div><\/div><\/div><div data-vc-full-width=\"true\" data-vc-full-width-init=\"false\" data-vc-stretch-content=\"true\" class=\"vc_row wpb_row vc_row-fluid text-center vc_row-no-padding\"><div class=\"wpb_column vc_column_container vc_col-sm-12\"><div class=\"vc_column-inner\"><div class=\"wpb_wrapper\"><section  data-vc-parallax=\"1.5\" class=\"statement vc_parallax parallax-overlay\" style=\"background-image: url('https:\/\/www.mcon-tr.com\/wp-content\/uploads\/2025\/01\/GYUFDRTSE.jpg');\">\n\t<div class=\"wpb_text_column wpb_content_element\" >\n\t\t<div class=\"wpb_wrapper\">\n\t\t\t<h1 style=\"text-align: center;\"><span style=\"color: #ffffff;\"><strong>&#8221; en iyi olma &#8221; amac\u0131yla; kaliteli, g\u00fcvenilir, ekonomik ve m\u00fc\u015fteri odakl\u0131 &#8230;.<\/strong><\/span><\/h1>\n\n\t\t<\/div>\n\t<\/div>\n<div class=\"vc_empty_space\"   style=\"height: 15px\"><span class=\"vc_empty_space_inner\"><\/span><\/div><a target=\"_self\" href=\"http:\/\/www.mcon-tr.com\/iletisim\/\" class=\"btn  btn-md style-1\" id=\"custom-id-0\" style=\"\">\u0130LET\u0130\u015e\u0130M<\/a><\/section><\/div><\/div><\/div><\/div><div class=\"vc_row-full-width vc_clearfix\"><\/div>\n<\/div>","protected":false},"excerpt":{"rendered":"HANG\u0130 H\u0130ZMETLER\u0130 SA\u011eLIYORUZ? Dan\u0131\u015fmanl\u0131k \u0130nceleyiniz End\u00fcstriyel Borulama ve Montaj \u0130nceleyiniz Mekanik \u0130nceleyiniz \u00c7elik Konstr\u00fcksiyon \u0130nceleyiniz Elektrik ve Enstr\u00fcmantasyon \u0130\u015fleri \u0130nceleyiniz \u0130n\u015faat \u0130nceleyiniz \u0130skele \u0130nceleyiniz B\u0130Z K\u0130M\u0130Z? Hayat\u0131n her alan\u0131nda, insan ya\u015faman\u0131n en de\u011ferli par\u00e7as\u0131na hizmet etmek i\u00e7in; i\u015f g\u00fcc\u00fcm\u00fcz\u00fc daha...","protected":false},"author":1,"featured_media":0,"parent":0,"menu_order":0,"comment_status":"open","ping_status":"open","template":"","meta":{"footnotes":""},"class_list":["post-787","page","type-page","status-publish","hentry"],"_links":{"self":[{"href":"https:\/\/www.mcon-tr.com\/en\/wp-json\/wp\/v2\/pages\/787","targetHints":{"allow":["GET"]}}],"collection":[{"href":"https:\/\/www.mcon-tr.com\/en\/wp-json\/wp\/v2\/pages"}],"about":[{"href":"https:\/\/www.mcon-tr.com\/en\/wp-json\/wp\/v2\/types\/page"}],"author":[{"embeddable":true,"href":"https:\/\/www.mcon-tr.com\/en\/wp-json\/wp\/v2\/users\/1"}],"replies":[{"embeddable":true,"href":"https:\/\/www.mcon-tr.com\/en\/wp-json\/wp\/v2\/comments?post=787"}],"version-history":[{"count":25,"href":"https:\/\/www.mcon-tr.com\/en\/wp-json\/wp\/v2\/pages\/787\/revisions"}],"predecessor-version":[{"id":987,"href":"https:\/\/www.mcon-tr.com\/en\/wp-json\/wp\/v2\/pages\/787\/revisions\/987"}],"wp:attachment":[{"href":"https:\/\/www.mcon-tr.com\/en\/wp-json\/wp\/v2\/media?parent=787"}],"curies":[{"name":"wp","href":"https:\/\/api.w.org\/{rel}","templated":true}]}}