{"id":825,"date":"2025-01-01T17:15:27","date_gmt":"2025-01-01T14:15:27","guid":{"rendered":"http:\/\/www.mcon-tr.com\/?page_id=825"},"modified":"2025-01-01T21:17:43","modified_gmt":"2025-01-01T18:17:43","slug":"hakkimizda","status":"publish","type":"page","link":"https:\/\/www.mcon-tr.com\/en\/hakkimizda\/","title":{"rendered":"ABOUT US"},"content":{"rendered":"<div class=\"wpb-content-wrapper\"><div class=\"vc_row wpb_row vc_row-fluid\"><div class=\"wpb_column vc_column_container vc_col-sm-6\"><div class=\"vc_column-inner\"><div class=\"wpb_wrapper\">\n\t<div  class=\"wpb_single_image wpb_content_element vc_align_center wpb_content_element wpb_animate_when_almost_visible wpb_fadeInDown fadeInDown vc_custom_1735755462403\">\n\t\t\n\t\t<figure class=\"wpb_wrapper vc_figure\">\n\t\t\t<div class=\"vc_single_image-wrapper vc_box_border  vc_box_border_grey\"><img loading=\"lazy\" decoding=\"async\" width=\"400\" height=\"400\" src=\"https:\/\/www.mcon-tr.com\/wp-content\/uploads\/2025\/01\/mcon.logo_.jpg\" class=\"vc_single_image-img attachment-full\" alt=\"\" title=\"mcon.logo\" srcset=\"https:\/\/www.mcon-tr.com\/wp-content\/uploads\/2025\/01\/mcon.logo_.jpg 400w, https:\/\/www.mcon-tr.com\/wp-content\/uploads\/2025\/01\/mcon.logo_-300x300.jpg 300w, https:\/\/www.mcon-tr.com\/wp-content\/uploads\/2025\/01\/mcon.logo_-150x150.jpg 150w, https:\/\/www.mcon-tr.com\/wp-content\/uploads\/2025\/01\/mcon.logo_-360x360.jpg 360w\" sizes=\"auto, (max-width: 400px) 100vw, 400px\" \/><\/div>\n\t\t<\/figure>\n\t<\/div>\n<\/div><\/div><\/div><div class=\"wpb_column vc_column_container vc_col-sm-6\"><div class=\"vc_column-inner\"><div class=\"wpb_wrapper\"><div class=\"vc_separator wpb_content_element vc_separator_align_center vc_sep_width_100 vc_sep_pos_align_center vc_sep_color_black wpb_content_element vc_separator-has-text\" ><span class=\"vc_sep_holder vc_sep_holder_l\"><span class=\"vc_sep_line\"><\/span><\/span><h4>ABOUT US<\/h4><span class=\"vc_sep_holder vc_sep_holder_r\"><span class=\"vc_sep_line\"><\/span><\/span>\n<\/div><div class=\"vc_empty_space\"   style=\"height: 20px\"><span class=\"vc_empty_space_inner\"><\/span><\/div>\n\t<div class=\"wpb_text_column wpb_content_element\" >\n\t\t<div class=\"wpb_wrapper\">\n\t\t\t<p>To serve the most valuable part of human life in all areas of life; Acting with a vision that will take our workforce even further, we carry the present to the future together with the sector we represent, and we are writing the beginning of the future with our experience.<br \/>\nWe carry out reliable, high quality and cost-effective machinery manufacturing, piping, construction, assembly-disassembly, silo-banker manufacturing, and all kinds of project contracting works with our high quality and devoted work.<br \/>\nWe are an integrated team of talented professionals who provide solutions to your business challenges by providing a wide range of services with innovative, integrated business and technical solutions for projects of all sizes across a variety of industries.<\/p>\n<p>We adapt our engineering resources, teams, workforce and equipped systems to solve your problems with optional results.<\/p>\n\n\t\t<\/div>\n\t<\/div>\n<\/div><\/div><\/div><\/div>\n<\/div>","protected":false},"excerpt":{"rendered":"HAKKIMIZDA Hayat\u0131n her alan\u0131nda, insan ya\u015faman\u0131n en de\u011ferli par\u00e7as\u0131na hizmet etmek i\u00e7in; i\u015f g\u00fcc\u00fcm\u00fcz\u00fc daha da ileriye ta\u015f\u0131yacak bir vizyon ile hareket ederek temsilcisi oldu\u011fumuz sekt\u00f6r\u00fcm\u00fcz ile birlikte bug\u00fcn\u00fc yar\u0131nlara ta\u015f\u0131rken, sahip oldu\u011fumuz tecr\u00fcbemizle de gelece\u011fin ba\u015flang\u0131c\u0131n\u0131 yaz\u0131yoruz. G\u00fcvenilir, y\u00fcksek...","protected":false},"author":1,"featured_media":0,"parent":0,"menu_order":0,"comment_status":"closed","ping_status":"closed","template":"","meta":{"footnotes":""},"class_list":["post-825","page","type-page","status-publish","hentry"],"_links":{"self":[{"href":"https:\/\/www.mcon-tr.com\/en\/wp-json\/wp\/v2\/pages\/825","targetHints":{"allow":["GET"]}}],"collection":[{"href":"https:\/\/www.mcon-tr.com\/en\/wp-json\/wp\/v2\/pages"}],"about":[{"href":"https:\/\/www.mcon-tr.com\/en\/wp-json\/wp\/v2\/types\/page"}],"author":[{"embeddable":true,"href":"https:\/\/www.mcon-tr.com\/en\/wp-json\/wp\/v2\/users\/1"}],"replies":[{"embeddable":true,"href":"https:\/\/www.mcon-tr.com\/en\/wp-json\/wp\/v2\/comments?post=825"}],"version-history":[{"count":5,"href":"https:\/\/www.mcon-tr.com\/en\/wp-json\/wp\/v2\/pages\/825\/revisions"}],"predecessor-version":[{"id":895,"href":"https:\/\/www.mcon-tr.com\/en\/wp-json\/wp\/v2\/pages\/825\/revisions\/895"}],"wp:attachment":[{"href":"https:\/\/www.mcon-tr.com\/en\/wp-json\/wp\/v2\/media?parent=825"}],"curies":[{"name":"wp","href":"https:\/\/api.w.org\/{rel}","templated":true}]}}