{"id":829,"date":"2025-01-01T17:17:46","date_gmt":"2025-01-01T14:17:46","guid":{"rendered":"http:\/\/www.mcon-tr.com\/?page_id=829"},"modified":"2025-01-07T16:43:34","modified_gmt":"2025-01-07T13:43:34","slug":"degerlerimiz","status":"publish","type":"page","link":"https:\/\/www.mcon-tr.com\/en\/degerlerimiz\/","title":{"rendered":"OUR VALUES"},"content":{"rendered":"<div class=\"wpb-content-wrapper\"><div class=\"vc_row wpb_row vc_row-fluid\"><div class=\"wpb_column vc_column_container vc_col-sm-12\"><div class=\"vc_column-inner\"><div class=\"wpb_wrapper\">\n\t<div class=\"wpb_text_column wpb_content_element\" >\n\t\t<div class=\"wpb_wrapper\">\n\t\t\t<h2><strong>Integrity:<\/strong><\/h2>\n<p>Our behavior towards our customers, shareholders, employees, suppliers, administrative and auditing authorities, competitors and society is a flawless whole.<\/p>\n<h2><strong>Sustainability:<\/strong><\/h2>\n<p>We have an understanding of corporate sustainability that is aware of economic, environmental and social responsibilities towards internal and external stakeholders.<\/p>\n<h2><strong>Ethic:<\/strong><\/h2>\n<p>There is Transparency, Accountability and Discipline in what we do.<\/p>\n<h2><strong>Trust:<\/strong><\/h2>\n<p>There is an open relationship with our employees based on mutual trust, respect and success.<\/p>\n<h2><strong>Being Innovative:<\/strong><\/h2>\n<p>Excellence, Innovation and Development are among our first goals.<\/p>\n<h2><strong>Loyalty:<\/strong><\/h2>\n<p>Commitment to Quality, Health, Safety and Environment are among our goals.<\/p>\n<h2><strong>Solidarity:<\/strong><\/h2>\n<p>It means sharing success and standing together against failure.<\/p>\n\n\t\t<\/div>\n\t<\/div>\n<\/div><\/div><\/div><\/div>\n<\/div>","protected":false},"excerpt":{"rendered":"B\u00fct\u00fcnl\u00fck: M\u00fc\u015fterilerimize, hissedarlar\u0131m\u0131za, \u00e7al\u0131\u015fanlar\u0131m\u0131za, tedarik\u00e7ilerimize, idari ve denetim yetkililerine, rakiplerimize ve topluma kar\u015f\u0131 davran\u0131\u015f\u0131m\u0131z hatas\u0131z bir b\u00fct\u00fcnd\u00fcr. S\u00fcrd\u00fcr\u00fclebilirlik: \u0130\u00e7 ve d\u0131\u015f payda\u015flara y\u00f6nelik ekonomik, \u00e7evresel ve sosyal sorumluluklar\u0131n bilincinde bir kurumsal s\u00fcrd\u00fcr\u00fclebilirlik anlay\u0131\u015f\u0131m\u0131z vard\u0131r. Etik: Yapt\u0131\u011f\u0131m\u0131z i\u015fte \u015eeffafl\u0131k, Hesap Verebilirlik...","protected":false},"author":1,"featured_media":0,"parent":0,"menu_order":0,"comment_status":"closed","ping_status":"closed","template":"","meta":{"footnotes":""},"class_list":["post-829","page","type-page","status-publish","hentry"],"_links":{"self":[{"href":"https:\/\/www.mcon-tr.com\/en\/wp-json\/wp\/v2\/pages\/829","targetHints":{"allow":["GET"]}}],"collection":[{"href":"https:\/\/www.mcon-tr.com\/en\/wp-json\/wp\/v2\/pages"}],"about":[{"href":"https:\/\/www.mcon-tr.com\/en\/wp-json\/wp\/v2\/types\/page"}],"author":[{"embeddable":true,"href":"https:\/\/www.mcon-tr.com\/en\/wp-json\/wp\/v2\/users\/1"}],"replies":[{"embeddable":true,"href":"https:\/\/www.mcon-tr.com\/en\/wp-json\/wp\/v2\/comments?post=829"}],"version-history":[{"count":2,"href":"https:\/\/www.mcon-tr.com\/en\/wp-json\/wp\/v2\/pages\/829\/revisions"}],"predecessor-version":[{"id":984,"href":"https:\/\/www.mcon-tr.com\/en\/wp-json\/wp\/v2\/pages\/829\/revisions\/984"}],"wp:attachment":[{"href":"https:\/\/www.mcon-tr.com\/en\/wp-json\/wp\/v2\/media?parent=829"}],"curies":[{"name":"wp","href":"https:\/\/api.w.org\/{rel}","templated":true}]}}