{"id":831,"date":"2025-01-01T17:18:45","date_gmt":"2025-01-01T14:18:45","guid":{"rendered":"http:\/\/www.mcon-tr.com\/?page_id=831"},"modified":"2026-01-13T17:15:28","modified_gmt":"2026-01-13T14:15:28","slug":"iletisim","status":"publish","type":"page","link":"https:\/\/www.mcon-tr.com\/en\/iletisim\/","title":{"rendered":"COMMUNICATION"},"content":{"rendered":"<div class=\"wpb-content-wrapper\"><div class=\"vc_row wpb_row vc_row-fluid vc_custom_1561411833155\"><div class=\"wpb_column vc_column_container vc_col-sm-6\"><div class=\"vc_column-inner\"><div class=\"wpb_wrapper\"><h4 class='heading-content  style-1' ><span>OUR ADDRESS<\/span><\/h4><div class=\"vc_empty_space\"   style=\"height: 15px\"><span class=\"vc_empty_space_inner\"><\/span><\/div>\n\t<div class=\"wpb_text_column wpb_content_element wpb_animate_when_almost_visible wpb_fadeInLeft fadeInLeft\" >\n\t\t<div class=\"wpb_wrapper\">\n\t\t\t<p><strong>MCON INDUSTRIAL FACILITY MANUFACTURING MONTAJ IND. AND TRADE LTD. \u015eT\u0130.<\/strong><\/p>\n<p><strong>Merkez Ofis:<\/strong> Ac\u0131dere OSB Abdullah G\u00fcl Bulvar\u0131 No:23 Sar\u0131\u00e7am\/Adana<\/p>\n<p><strong>\u0130zmir Ofis :<\/strong> Siteler Mah. 440 Sok. No:2A Blok:A Kat:3 Daire:32 Alia\u011fa\/\u0130zmir<\/p>\n<p><strong>Tel:<\/strong> +90 (554) 312-30-75<\/p>\n<p><strong>Tel:<\/strong> +90 (507) 472-93-98<\/p>\n<p><strong>E-Mail:<\/strong> mcon@mcon-tr.com<\/p>\n\n\t\t<\/div>\n\t<\/div>\n<\/div><\/div><\/div><div class=\"wpb_column vc_column_container vc_col-sm-6\"><div class=\"vc_column-inner\"><div class=\"wpb_wrapper\">\n\t<div class=\"wpb_text_column wpb_content_element\" >\n\t\t<div class=\"wpb_wrapper\">\n\t\t\t<p><iframe loading=\"lazy\" style=\"border: 0;\" src=\"https:\/\/www.google.com\/maps\/embed?pb=!1m18!1m12!1m3!1d3187.088412788047!2d35.634700775311806!3d36.9838227573281!2m3!1f0!2f0!3f0!3m2!1i1024!2i768!4f13.1!3m3!1m2!1s0x1528bedbfdc2bfdb%3A0xc2d27b34e4d89819!2zQWPEsWRlcmUgT1NCLCBBYmR1bGxhaCBHw7xsIEJsdiBObzoyMywgMDE3OTAgU2FyxLHDp2FtL0FkYW5h!5e0!3m2!1str!2str!4v1736257281515!5m2!1str!2str\" width=\"600\" height=\"450\" allowfullscreen=\"allowfullscreen\"><\/iframe><\/p>\n\n\t\t<\/div>\n\t<\/div>\n<\/div><\/div><\/div><\/div>\n<\/div>","protected":false},"excerpt":{"rendered":"ADRES\u0130M\u0130Z MCON END\u00dcSTR\u0130YEL TES\u0130S \u0130MALAT MONTAJ\u00a0 SAN. VE T\u0130C. LTD. \u015eT\u0130. Merkez Ofis: Ac\u0131dere OSB Abdullah G\u00fcl Bulvar\u0131 No:23 Sar\u0131\u00e7am\/Adana \u0130zmir Ofis : Siteler Mah. 440 Sok. No:2A Blok:A Kat:3 Daire:32 Alia\u011fa\/\u0130zmir Tel : +90 (554) 312-30-75 Tel : +90...","protected":false},"author":1,"featured_media":0,"parent":0,"menu_order":0,"comment_status":"closed","ping_status":"closed","template":"","meta":{"footnotes":""},"class_list":["post-831","page","type-page","status-publish","hentry"],"_links":{"self":[{"href":"https:\/\/www.mcon-tr.com\/en\/wp-json\/wp\/v2\/pages\/831","targetHints":{"allow":["GET"]}}],"collection":[{"href":"https:\/\/www.mcon-tr.com\/en\/wp-json\/wp\/v2\/pages"}],"about":[{"href":"https:\/\/www.mcon-tr.com\/en\/wp-json\/wp\/v2\/types\/page"}],"author":[{"embeddable":true,"href":"https:\/\/www.mcon-tr.com\/en\/wp-json\/wp\/v2\/users\/1"}],"replies":[{"embeddable":true,"href":"https:\/\/www.mcon-tr.com\/en\/wp-json\/wp\/v2\/comments?post=831"}],"version-history":[{"count":12,"href":"https:\/\/www.mcon-tr.com\/en\/wp-json\/wp\/v2\/pages\/831\/revisions"}],"predecessor-version":[{"id":1033,"href":"https:\/\/www.mcon-tr.com\/en\/wp-json\/wp\/v2\/pages\/831\/revisions\/1033"}],"wp:attachment":[{"href":"https:\/\/www.mcon-tr.com\/en\/wp-json\/wp\/v2\/media?parent=831"}],"curies":[{"name":"wp","href":"https:\/\/api.w.org\/{rel}","templated":true}]}}