{"id":840,"date":"2025-01-01T20:11:37","date_gmt":"2025-01-01T17:11:37","guid":{"rendered":"http:\/\/www.mcon-tr.com\/?page_id=840"},"modified":"2025-01-07T16:14:39","modified_gmt":"2025-01-07T13:14:39","slug":"endustriyel-borulama-ve-montaj","status":"publish","type":"page","link":"https:\/\/www.mcon-tr.com\/en\/endustriyel-borulama-ve-montaj\/","title":{"rendered":"INDUSTRIAL PIPING AND INSTALLATION"},"content":{"rendered":"<div class=\"wpb-content-wrapper\"><div class=\"vc_row wpb_row vc_row-fluid\"><div class=\"wpb_column vc_column_container vc_col-sm-6\"><div class=\"vc_column-inner\"><div class=\"wpb_wrapper\">\n\t<div  class=\"wpb_single_image wpb_content_element vc_align_center wpb_content_element\">\n\t\t\n\t\t<figure class=\"wpb_wrapper vc_figure\">\n\t\t\t<div class=\"vc_single_image-wrapper   vc_box_border_grey\"><img loading=\"lazy\" decoding=\"async\" width=\"500\" height=\"400\" src=\"https:\/\/www.mcon-tr.com\/wp-content\/uploads\/2025\/01\/MCON.Endustriyel-Borulama-ve-Montaj.jpg\" class=\"vc_single_image-img attachment-full\" alt=\"\" title=\"MCON.End\u00fcstriyel Borulama ve Montaj\" srcset=\"https:\/\/www.mcon-tr.com\/wp-content\/uploads\/2025\/01\/MCON.Endustriyel-Borulama-ve-Montaj.jpg 500w, https:\/\/www.mcon-tr.com\/wp-content\/uploads\/2025\/01\/MCON.Endustriyel-Borulama-ve-Montaj-300x240.jpg 300w, https:\/\/www.mcon-tr.com\/wp-content\/uploads\/2025\/01\/MCON.Endustriyel-Borulama-ve-Montaj-370x296.jpg 370w, https:\/\/www.mcon-tr.com\/wp-content\/uploads\/2025\/01\/MCON.Endustriyel-Borulama-ve-Montaj-360x288.jpg 360w\" sizes=\"auto, (max-width: 500px) 100vw, 500px\" \/><\/div>\n\t\t<\/figure>\n\t<\/div>\n<div class=\"vc_empty_space\"   style=\"height: 32px\"><span class=\"vc_empty_space_inner\"><\/span><\/div>\n\t<div  class=\"wpb_single_image wpb_content_element vc_align_center wpb_content_element\">\n\t\t\n\t\t<figure class=\"wpb_wrapper vc_figure\">\n\t\t\t<div class=\"vc_single_image-wrapper   vc_box_border_grey\"><img loading=\"lazy\" decoding=\"async\" width=\"500\" height=\"400\" src=\"https:\/\/www.mcon-tr.com\/wp-content\/uploads\/2025\/01\/MCON.Endustriyel-Borulama-ve-Montaj1.jpg\" class=\"vc_single_image-img attachment-full\" alt=\"\" title=\"MCON.End\u00fcstriyel Borulama ve Montaj1\" srcset=\"https:\/\/www.mcon-tr.com\/wp-content\/uploads\/2025\/01\/MCON.Endustriyel-Borulama-ve-Montaj1.jpg 500w, https:\/\/www.mcon-tr.com\/wp-content\/uploads\/2025\/01\/MCON.Endustriyel-Borulama-ve-Montaj1-300x240.jpg 300w, https:\/\/www.mcon-tr.com\/wp-content\/uploads\/2025\/01\/MCON.Endustriyel-Borulama-ve-Montaj1-370x296.jpg 370w, https:\/\/www.mcon-tr.com\/wp-content\/uploads\/2025\/01\/MCON.Endustriyel-Borulama-ve-Montaj1-360x288.jpg 360w\" sizes=\"auto, (max-width: 500px) 100vw, 500px\" \/><\/div>\n\t\t<\/figure>\n\t<\/div>\n<\/div><\/div><\/div><div class=\"wpb_column vc_column_container vc_col-sm-6\"><div class=\"vc_column-inner\"><div class=\"wpb_wrapper\">\n\t<div class=\"wpb_text_column wpb_content_element\" >\n\t\t<div class=\"wpb_wrapper\">\n\t\t\t<p>Industrial piping is a field that deals with the design, installation and maintenance of pipes used for the transfer of liquids, gases and various substances in industrial facilities. Industrial piping processes are used in many different industries, such as chemicals, oil and gas, food and beverage, energy, water and wastewater, pharmaceuticals and many more industrial sectors.<\/p>\n<p>Piping systems can cause serious problems if not designed correctly, so industrial piping operations are very important. Piping systems facilitate the transfer of liquids, gases and various substances and increase the efficiency of businesses.<\/p>\n<p>Industrial piping includes many different stages such as design, material selection, pipe installation, testing, maintenance and repair. Pipe materials used in piping operations generally consist of materials such as steel, stainless steel, copper, polyethylene and PVC.<\/p>\n<p>A correct piping system provides a healthy business and a safe working environment. Therefore, it should be carried out by a team specialized in industrial piping operations.<\/p>\n\n\t\t<\/div>\n\t<\/div>\n\n\t<div class=\"wpb_text_column wpb_content_element\" >\n\t\t<div class=\"wpb_wrapper\">\n\t\t\t<ul>\n<li>Underground Piping Works<\/li>\n<li>Above Ground Piping Works<\/li>\n<li>Jacketed Pipe Manufacturing and Installation Works<\/li>\n<li>Industrial Piping Works<\/li>\n<li>Fuel Facilities Piping Works<\/li>\n<li>Steel Pipe Bridge Crossing Lines<\/li>\n<li>Installation of Hydrant and Foam Systems and Piping Works<\/li>\n<li>Collector Manufacturing and Assembly Works<\/li>\n<li>Steam Lines<\/li>\n<li>Manufacturing and Installation Works of Serpentine Lines<\/li>\n<li>Installation Works of HDPE, PP, PVDF Pipelines<\/li>\n<li>Pipe Work Preparation - Weld Log Creation<\/li>\n<li>Steam Tracing installation works<\/li>\n<\/ul>\n\n\t\t<\/div>\n\t<\/div>\n<\/div><\/div><\/div><\/div>\n<\/div>","protected":false},"excerpt":{"rendered":"End\u00fcstriyel borulama, end\u00fcstriyel tesislerde s\u0131v\u0131, gaz ve \u00e7e\u015fitli maddelerin transferi i\u00e7in kullan\u0131lan borular\u0131n tasar\u0131m\u0131, montaj\u0131 ve bak\u0131m\u0131 ile ilgilenen bir aland\u0131r. End\u00fcstriyel borulama i\u015flemleri, bir\u00e7ok farkl\u0131 sekt\u00f6rde kullan\u0131l\u0131r, \u00f6rne\u011fin kimya, petrol ve gaz, g\u0131da ve i\u00e7ecek, enerji, su ve at\u0131k...","protected":false},"author":1,"featured_media":0,"parent":0,"menu_order":0,"comment_status":"closed","ping_status":"closed","template":"","meta":{"footnotes":""},"class_list":["post-840","page","type-page","status-publish","hentry"],"_links":{"self":[{"href":"https:\/\/www.mcon-tr.com\/en\/wp-json\/wp\/v2\/pages\/840","targetHints":{"allow":["GET"]}}],"collection":[{"href":"https:\/\/www.mcon-tr.com\/en\/wp-json\/wp\/v2\/pages"}],"about":[{"href":"https:\/\/www.mcon-tr.com\/en\/wp-json\/wp\/v2\/types\/page"}],"author":[{"embeddable":true,"href":"https:\/\/www.mcon-tr.com\/en\/wp-json\/wp\/v2\/users\/1"}],"replies":[{"embeddable":true,"href":"https:\/\/www.mcon-tr.com\/en\/wp-json\/wp\/v2\/comments?post=840"}],"version-history":[{"count":5,"href":"https:\/\/www.mcon-tr.com\/en\/wp-json\/wp\/v2\/pages\/840\/revisions"}],"predecessor-version":[{"id":964,"href":"https:\/\/www.mcon-tr.com\/en\/wp-json\/wp\/v2\/pages\/840\/revisions\/964"}],"wp:attachment":[{"href":"https:\/\/www.mcon-tr.com\/en\/wp-json\/wp\/v2\/media?parent=840"}],"curies":[{"name":"wp","href":"https:\/\/api.w.org\/{rel}","templated":true}]}}