{"id":845,"date":"2025-01-01T20:26:44","date_gmt":"2025-01-01T17:26:44","guid":{"rendered":"http:\/\/www.mcon-tr.com\/?page_id=845"},"modified":"2025-01-07T16:27:13","modified_gmt":"2025-01-07T13:27:13","slug":"mekanik","status":"publish","type":"page","link":"https:\/\/www.mcon-tr.com\/en\/mekanik\/","title":{"rendered":"MECHANICAL"},"content":{"rendered":"<div class=\"wpb-content-wrapper\"><div class=\"vc_row wpb_row vc_row-fluid\"><div class=\"wpb_column vc_column_container vc_col-sm-6\"><div class=\"vc_column-inner\"><div class=\"wpb_wrapper\">\n\t<div  class=\"wpb_single_image wpb_content_element vc_align_center wpb_content_element\">\n\t\t\n\t\t<figure class=\"wpb_wrapper vc_figure\">\n\t\t\t<div class=\"vc_single_image-wrapper   vc_box_border_grey\"><img loading=\"lazy\" decoding=\"async\" width=\"341\" height=\"500\" src=\"https:\/\/www.mcon-tr.com\/wp-content\/uploads\/2025\/01\/mekanil.jpg\" class=\"vc_single_image-img attachment-full\" alt=\"\" title=\"mekanil\" srcset=\"https:\/\/www.mcon-tr.com\/wp-content\/uploads\/2025\/01\/mekanil.jpg 341w, https:\/\/www.mcon-tr.com\/wp-content\/uploads\/2025\/01\/mekanil-205x300.jpg 205w, https:\/\/www.mcon-tr.com\/wp-content\/uploads\/2025\/01\/mekanil-246x360.jpg 246w\" sizes=\"auto, (max-width: 341px) 100vw, 341px\" \/><\/div>\n\t\t<\/figure>\n\t<\/div>\n<\/div><\/div><\/div><div class=\"wpb_column vc_column_container vc_col-sm-6\"><div class=\"vc_column-inner\"><div class=\"wpb_wrapper\">\n\t<div class=\"wpb_text_column wpb_content_element\" >\n\t\t<div class=\"wpb_wrapper\">\n\t\t\t<p>Management of all lifting processes required for the assembly, maintenance and disassembly of all fixed and rotating equipment such as machinery-equipment-pumps-silo in the projects, and the supply of all kinds of work machines required for the performance of technical works, with the principle of zero work accidents in the desired quality and on time. Our primary goal is to have it completed with due consideration. All heavy lifting processes within the scope of heavy lifting work are similarly planned together with our solution partners and completed on time with appropriate work machines.<\/p>\n\n\t\t<\/div>\n\t<\/div>\n<div class=\"vc_empty_space\"   style=\"height: 32px\"><span class=\"vc_empty_space_inner\"><\/span><\/div>\n\t<div  class=\"wpb_single_image wpb_content_element vc_align_center wpb_content_element\">\n\t\t\n\t\t<figure class=\"wpb_wrapper vc_figure\">\n\t\t\t<div class=\"vc_single_image-wrapper   vc_box_border_grey\"><img loading=\"lazy\" decoding=\"async\" width=\"1600\" height=\"785\" src=\"https:\/\/www.mcon-tr.com\/wp-content\/uploads\/2025\/01\/mekanik1.jpeg\" class=\"vc_single_image-img attachment-full\" alt=\"\" title=\"mekanik1\" srcset=\"https:\/\/www.mcon-tr.com\/wp-content\/uploads\/2025\/01\/mekanik1.jpeg 1600w, https:\/\/www.mcon-tr.com\/wp-content\/uploads\/2025\/01\/mekanik1-300x147.jpeg 300w, https:\/\/www.mcon-tr.com\/wp-content\/uploads\/2025\/01\/mekanik1-1024x502.jpeg 1024w, https:\/\/www.mcon-tr.com\/wp-content\/uploads\/2025\/01\/mekanik1-768x377.jpeg 768w, https:\/\/www.mcon-tr.com\/wp-content\/uploads\/2025\/01\/mekanik1-1536x754.jpeg 1536w, https:\/\/www.mcon-tr.com\/wp-content\/uploads\/2025\/01\/mekanik1-370x182.jpeg 370w, https:\/\/www.mcon-tr.com\/wp-content\/uploads\/2025\/01\/mekanik1-1200x589.jpeg 1200w, https:\/\/www.mcon-tr.com\/wp-content\/uploads\/2025\/01\/mekanik1-360x177.jpeg 360w\" sizes=\"auto, (max-width: 1600px) 100vw, 1600px\" \/><\/div>\n\t\t<\/figure>\n\t<\/div>\n<\/div><\/div><\/div><\/div>\n<\/div>","protected":false},"excerpt":{"rendered":"Projelerde yer alan t\u00fcm makine-ekipman-pompa-silo gibi sabit ve d\u00f6ner ekipmanlar\u0131n, montaj\u0131, bak\u0131m\u0131 ve demontaj\u0131 i\u00e7in gerekli olan t\u00fcm kald\u0131rma s\u00fcre\u00e7lerinin y\u00f6netimi ve teknik i\u015flerin yap\u0131m\u0131 i\u00e7in gerekli olan her t\u00fcrl\u00fc i\u015f makinesinin temini,istenilen kalite ve zaman\u0131nda s\u0131f\u0131r i\u015f kazas\u0131 prensibi...","protected":false},"author":1,"featured_media":0,"parent":0,"menu_order":0,"comment_status":"closed","ping_status":"closed","template":"","meta":{"footnotes":""},"class_list":["post-845","page","type-page","status-publish","hentry"],"_links":{"self":[{"href":"https:\/\/www.mcon-tr.com\/en\/wp-json\/wp\/v2\/pages\/845","targetHints":{"allow":["GET"]}}],"collection":[{"href":"https:\/\/www.mcon-tr.com\/en\/wp-json\/wp\/v2\/pages"}],"about":[{"href":"https:\/\/www.mcon-tr.com\/en\/wp-json\/wp\/v2\/types\/page"}],"author":[{"embeddable":true,"href":"https:\/\/www.mcon-tr.com\/en\/wp-json\/wp\/v2\/users\/1"}],"replies":[{"embeddable":true,"href":"https:\/\/www.mcon-tr.com\/en\/wp-json\/wp\/v2\/comments?post=845"}],"version-history":[{"count":6,"href":"https:\/\/www.mcon-tr.com\/en\/wp-json\/wp\/v2\/pages\/845\/revisions"}],"predecessor-version":[{"id":972,"href":"https:\/\/www.mcon-tr.com\/en\/wp-json\/wp\/v2\/pages\/845\/revisions\/972"}],"wp:attachment":[{"href":"https:\/\/www.mcon-tr.com\/en\/wp-json\/wp\/v2\/media?parent=845"}],"curies":[{"name":"wp","href":"https:\/\/api.w.org\/{rel}","templated":true}]}}