{"id":849,"date":"2025-01-01T20:34:20","date_gmt":"2025-01-01T17:34:20","guid":{"rendered":"http:\/\/www.mcon-tr.com\/?page_id=849"},"modified":"2025-01-07T16:29:58","modified_gmt":"2025-01-07T13:29:58","slug":"celik-konstruksiyon","status":"publish","type":"page","link":"https:\/\/www.mcon-tr.com\/en\/celik-konstruksiyon\/","title":{"rendered":"STEEL CONSTRUCTION"},"content":{"rendered":"<div class=\"wpb-content-wrapper\"><div class=\"vc_row wpb_row vc_row-fluid\"><div class=\"wpb_column vc_column_container vc_col-sm-6\"><div class=\"vc_column-inner\"><div class=\"wpb_wrapper\">\n\t<div  class=\"wpb_single_image wpb_content_element vc_align_center wpb_content_element\">\n\t\t\n\t\t<figure class=\"wpb_wrapper vc_figure\">\n\t\t\t<div class=\"vc_single_image-wrapper   vc_box_border_grey\"><img loading=\"lazy\" decoding=\"async\" width=\"500\" height=\"400\" src=\"https:\/\/www.mcon-tr.com\/wp-content\/uploads\/2025\/01\/mcon.celik_.konstruksiyon1.jpg\" class=\"vc_single_image-img attachment-full\" alt=\"\" title=\"mcon.celik.konstruksiyon1\" srcset=\"https:\/\/www.mcon-tr.com\/wp-content\/uploads\/2025\/01\/mcon.celik_.konstruksiyon1.jpg 500w, https:\/\/www.mcon-tr.com\/wp-content\/uploads\/2025\/01\/mcon.celik_.konstruksiyon1-300x240.jpg 300w, https:\/\/www.mcon-tr.com\/wp-content\/uploads\/2025\/01\/mcon.celik_.konstruksiyon1-370x296.jpg 370w, https:\/\/www.mcon-tr.com\/wp-content\/uploads\/2025\/01\/mcon.celik_.konstruksiyon1-360x288.jpg 360w\" sizes=\"auto, (max-width: 500px) 100vw, 500px\" \/><\/div>\n\t\t<\/figure>\n\t<\/div>\n<div class=\"vc_empty_space\"   style=\"height: 32px\"><span class=\"vc_empty_space_inner\"><\/span><\/div>\n\t<div  class=\"wpb_single_image wpb_content_element vc_align_center wpb_content_element\">\n\t\t\n\t\t<figure class=\"wpb_wrapper vc_figure\">\n\t\t\t<div class=\"vc_single_image-wrapper   vc_box_border_grey\"><img loading=\"lazy\" decoding=\"async\" width=\"500\" height=\"400\" src=\"https:\/\/www.mcon-tr.com\/wp-content\/uploads\/2025\/01\/mcon.celik_.konstruksiyon.jpg\" class=\"vc_single_image-img attachment-full\" alt=\"\" title=\"mcon.celik.konstruksiyon\" srcset=\"https:\/\/www.mcon-tr.com\/wp-content\/uploads\/2025\/01\/mcon.celik_.konstruksiyon.jpg 500w, https:\/\/www.mcon-tr.com\/wp-content\/uploads\/2025\/01\/mcon.celik_.konstruksiyon-300x240.jpg 300w, https:\/\/www.mcon-tr.com\/wp-content\/uploads\/2025\/01\/mcon.celik_.konstruksiyon-370x296.jpg 370w, https:\/\/www.mcon-tr.com\/wp-content\/uploads\/2025\/01\/mcon.celik_.konstruksiyon-360x288.jpg 360w\" sizes=\"auto, (max-width: 500px) 100vw, 500px\" \/><\/div>\n\t\t<\/figure>\n\t<\/div>\n<\/div><\/div><\/div><div class=\"wpb_column vc_column_container vc_col-sm-6\"><div class=\"vc_column-inner\"><div class=\"wpb_wrapper\">\n\t<div class=\"wpb_text_column wpb_content_element\" >\n\t\t<div class=\"wpb_wrapper\">\n\t\t\t<p>The durability and longevity of steel structures are encountered in every aspect of life in today's conditions.<br \/>\nFor this reason, as MCON, it is a necessity for all steel structures;<br \/>\n-Providing Project Planning and Static Approvals,<br \/>\n-Material Supply,<br \/>\n-Manufacturing,<br \/>\n-Painting and Sandblasting,<br \/>\n-Assembly and Disassembly,<\/p>\n<p>Each of the processes is carried out meticulously by professional teams to fully meet the project requirements.<\/p>\n\n\t\t<\/div>\n\t<\/div>\n<\/div><\/div><\/div><\/div>\n<\/div>","protected":false},"excerpt":{"rendered":"\u00c7elik yap\u0131lar\u0131n sa\u011flaml\u0131\u011f\u0131 ve uzun \u00f6m\u00fcrl\u00fc olmalar\u0131 g\u00fcn\u00fcm\u00fcz \u015fartlar\u0131nda hayat\u0131n her noktas\u0131nda kar\u015f\u0131m\u0131za \u00e7\u0131kmaktad\u0131r. Bu nedenle MCON olarak t\u00fcm \u00e7elik yap\u0131lar\u0131n gereklili\u011fi olan; -Projelendirme ve Statik Onaylar\u0131n Sa\u011flanmas\u0131, -Malzeme Temini, -\u0130malat, -Boyama ve Kumlama, -Montaj ve Demontaj, S\u00fcre\u00e7lerinin her biri...","protected":false},"author":1,"featured_media":0,"parent":0,"menu_order":0,"comment_status":"closed","ping_status":"closed","template":"","meta":{"footnotes":""},"class_list":["post-849","page","type-page","status-publish","hentry"],"_links":{"self":[{"href":"https:\/\/www.mcon-tr.com\/en\/wp-json\/wp\/v2\/pages\/849","targetHints":{"allow":["GET"]}}],"collection":[{"href":"https:\/\/www.mcon-tr.com\/en\/wp-json\/wp\/v2\/pages"}],"about":[{"href":"https:\/\/www.mcon-tr.com\/en\/wp-json\/wp\/v2\/types\/page"}],"author":[{"embeddable":true,"href":"https:\/\/www.mcon-tr.com\/en\/wp-json\/wp\/v2\/users\/1"}],"replies":[{"embeddable":true,"href":"https:\/\/www.mcon-tr.com\/en\/wp-json\/wp\/v2\/comments?post=849"}],"version-history":[{"count":2,"href":"https:\/\/www.mcon-tr.com\/en\/wp-json\/wp\/v2\/pages\/849\/revisions"}],"predecessor-version":[{"id":975,"href":"https:\/\/www.mcon-tr.com\/en\/wp-json\/wp\/v2\/pages\/849\/revisions\/975"}],"wp:attachment":[{"href":"https:\/\/www.mcon-tr.com\/en\/wp-json\/wp\/v2\/media?parent=849"}],"curies":[{"name":"wp","href":"https:\/\/api.w.org\/{rel}","templated":true}]}}