{"id":853,"date":"2025-01-01T20:43:08","date_gmt":"2025-01-01T17:43:08","guid":{"rendered":"http:\/\/www.mcon-tr.com\/?page_id=853"},"modified":"2025-01-01T21:00:03","modified_gmt":"2025-01-01T18:00:03","slug":"elektrik-ve-enstrumantasyon-isleri","status":"publish","type":"page","link":"https:\/\/www.mcon-tr.com\/en\/elektrik-ve-enstrumantasyon-isleri\/","title":{"rendered":"ELECTRICAL AND INSTRUMENTATION WORKS"},"content":{"rendered":"<div class=\"wpb-content-wrapper\"><div class=\"vc_row wpb_row vc_row-fluid\"><div class=\"wpb_column vc_column_container vc_col-sm-6\"><div class=\"vc_column-inner\"><div class=\"wpb_wrapper\">\n\t<div  class=\"wpb_single_image wpb_content_element vc_align_center wpb_content_element\">\n\t\t\n\t\t<figure class=\"wpb_wrapper vc_figure\">\n\t\t\t<div class=\"vc_single_image-wrapper   vc_box_border_grey\"><img loading=\"lazy\" decoding=\"async\" width=\"500\" height=\"400\" src=\"https:\/\/www.mcon-tr.com\/wp-content\/uploads\/2025\/01\/mcon.Elektrik-ve-Enstrumantasyon-Isleri.jpg\" class=\"vc_single_image-img attachment-full\" alt=\"\" title=\"mcon.Elektrik ve Enstr\u00fcmantasyon \u0130\u015fleri\" srcset=\"https:\/\/www.mcon-tr.com\/wp-content\/uploads\/2025\/01\/mcon.Elektrik-ve-Enstrumantasyon-Isleri.jpg 500w, https:\/\/www.mcon-tr.com\/wp-content\/uploads\/2025\/01\/mcon.Elektrik-ve-Enstrumantasyon-Isleri-300x240.jpg 300w, https:\/\/www.mcon-tr.com\/wp-content\/uploads\/2025\/01\/mcon.Elektrik-ve-Enstrumantasyon-Isleri-370x296.jpg 370w, https:\/\/www.mcon-tr.com\/wp-content\/uploads\/2025\/01\/mcon.Elektrik-ve-Enstrumantasyon-Isleri-360x288.jpg 360w\" sizes=\"auto, (max-width: 500px) 100vw, 500px\" \/><\/div>\n\t\t<\/figure>\n\t<\/div>\n<div class=\"vc_empty_space\"   style=\"height: 32px\"><span class=\"vc_empty_space_inner\"><\/span><\/div>\n\t<div  class=\"wpb_single_image wpb_content_element vc_align_center wpb_content_element\">\n\t\t\n\t\t<figure class=\"wpb_wrapper vc_figure\">\n\t\t\t<div class=\"vc_single_image-wrapper   vc_box_border_grey\"><img loading=\"lazy\" decoding=\"async\" width=\"500\" height=\"400\" src=\"https:\/\/www.mcon-tr.com\/wp-content\/uploads\/2025\/01\/mcon.Elektrik-ve-Enstrumantasyon-Isleri1.jpg\" class=\"vc_single_image-img attachment-full\" alt=\"\" title=\"mcon.Elektrik ve Enstr\u00fcmantasyon \u0130\u015fleri1\" srcset=\"https:\/\/www.mcon-tr.com\/wp-content\/uploads\/2025\/01\/mcon.Elektrik-ve-Enstrumantasyon-Isleri1.jpg 500w, https:\/\/www.mcon-tr.com\/wp-content\/uploads\/2025\/01\/mcon.Elektrik-ve-Enstrumantasyon-Isleri1-300x240.jpg 300w, https:\/\/www.mcon-tr.com\/wp-content\/uploads\/2025\/01\/mcon.Elektrik-ve-Enstrumantasyon-Isleri1-370x296.jpg 370w, https:\/\/www.mcon-tr.com\/wp-content\/uploads\/2025\/01\/mcon.Elektrik-ve-Enstrumantasyon-Isleri1-360x288.jpg 360w\" sizes=\"auto, (max-width: 500px) 100vw, 500px\" \/><\/div>\n\t\t<\/figure>\n\t<\/div>\n<\/div><\/div><\/div><div class=\"wpb_column vc_column_container vc_col-sm-6\"><div class=\"vc_column-inner\"><div class=\"wpb_wrapper\">\n\t<div class=\"wpb_text_column wpb_content_element\" >\n\t\t<div class=\"wpb_wrapper\">\n\t\t\t<h2 class=\"vc_custom_heading text-left\">ELECTRICAL AND INSTRUMENTATION<\/h2>\n<h3 class=\"vc_custom_heading text-left\">INSTRUMENT<\/h3>\n<div class=\"wpb_text_column wpb_content_element vc_custom_1608741984263\">\n<div class=\"wpb_wrapper\">\n<ul>\n<li>Pressure \/ temperature \/ flow transmitter \/ gauge calibration activities in industrial facility process lines.<\/li>\n<li>On-off \/ control valve calibration and installation activities in industrial facility process lines<\/li>\n<li>Underground and aboveground cable route installations (conduit \/ tray)<\/li>\n<li>Assembly of all types of panels and interconnect boxes<\/li>\n<li>Installation of all types of instruments in and on pipes<\/li>\n<li>Installation and leakage tests of Process\/Pneumatic HP\/LP tubing lines<\/li>\n<li>Main and secondary cable pulling and termination<\/li>\n<li>Welded, twisted or other types of instrument-to-process line (hook up) connection assemblies and leakage tests<\/li>\n<li>Installation of ESD\/DCS\/Network\/PDP\/Vibration panels in the instrument control building, termination of cables between panels and from the field, performing loop testing after SAT activities<\/li>\n<li>All quality control and documentation processes<\/li>\n<\/ul>\n<\/div>\n<\/div>\n<h3 class=\"vc_custom_heading text-left\">ELECTRIC<\/h3>\n<div class=\"wpb_text_column wpb_content_element vc_custom_1701513300165\">\n<div class=\"wpb_wrapper\">\n<ul>\n<li>All mechanical assembly works with both infrastructure and superstructure electrical connections such as cable trays and conduits<\/li>\n<li>Grounding and lightning protection installations and tests<\/li>\n<li>LV, MV and HV cable pulling, connection and tests<\/li>\n<li>Installation, testing and commissioning of all types of transformers, panels, breakers, busbars, battery systems and generators<\/li>\n<li>Building and process areas lighting and socket installations, tests and commissioning<\/li>\n<li>LV and MV motor installations, rotation (MSR) tests and commissioning<\/li>\n<li>All quality control and documentation processes<\/li>\n<\/ul>\n<\/div>\n<\/div>\n\n\t\t<\/div>\n\t<\/div>\n<\/div><\/div><\/div><\/div>\n<\/div>","protected":false},"excerpt":{"rendered":"ELEKTR\u0130K VE ENSTR\u00dcMANTASYON ENSTR\u00dcMAN End\u00fcstriyel tesis process hatlarda yer alan bas\u0131n\u00e7 \/ s\u0131cakl\u0131k \/ ak\u0131\u015f transmitter \/ gauge kalibrasyon faaliyetleri. End\u00fcstriyel tesis process hatlarda yer alan on-off \/ control vana kalibrasyon ve montaj faaliyetleri Yer alt\u0131 ve yer\u00fcst\u00fc kablo yolu...","protected":false},"author":1,"featured_media":0,"parent":0,"menu_order":0,"comment_status":"closed","ping_status":"closed","template":"","meta":{"footnotes":""},"class_list":["post-853","page","type-page","status-publish","hentry"],"_links":{"self":[{"href":"https:\/\/www.mcon-tr.com\/en\/wp-json\/wp\/v2\/pages\/853","targetHints":{"allow":["GET"]}}],"collection":[{"href":"https:\/\/www.mcon-tr.com\/en\/wp-json\/wp\/v2\/pages"}],"about":[{"href":"https:\/\/www.mcon-tr.com\/en\/wp-json\/wp\/v2\/types\/page"}],"author":[{"embeddable":true,"href":"https:\/\/www.mcon-tr.com\/en\/wp-json\/wp\/v2\/users\/1"}],"replies":[{"embeddable":true,"href":"https:\/\/www.mcon-tr.com\/en\/wp-json\/wp\/v2\/comments?post=853"}],"version-history":[{"count":2,"href":"https:\/\/www.mcon-tr.com\/en\/wp-json\/wp\/v2\/pages\/853\/revisions"}],"predecessor-version":[{"id":865,"href":"https:\/\/www.mcon-tr.com\/en\/wp-json\/wp\/v2\/pages\/853\/revisions\/865"}],"wp:attachment":[{"href":"https:\/\/www.mcon-tr.com\/en\/wp-json\/wp\/v2\/media?parent=853"}],"curies":[{"name":"wp","href":"https:\/\/api.w.org\/{rel}","templated":true}]}}