{"id":944,"date":"2025-01-03T15:28:08","date_gmt":"2025-01-03T12:28:08","guid":{"rendered":"http:\/\/www.mcon-tr.com\/?page_id=944"},"modified":"2025-01-07T16:33:55","modified_gmt":"2025-01-07T13:33:55","slug":"danismanlik","status":"publish","type":"page","link":"https:\/\/www.mcon-tr.com\/en\/danismanlik\/","title":{"rendered":"CONSULTANCY"},"content":{"rendered":"<div class=\"wpb-content-wrapper\"><div class=\"vc_row wpb_row vc_row-fluid\"><div class=\"wpb_column vc_column_container vc_col-sm-6\"><div class=\"vc_column-inner\"><div class=\"wpb_wrapper\">\n\t<div  class=\"wpb_single_image wpb_content_element vc_align_center wpb_content_element\">\n\t\t\n\t\t<figure class=\"wpb_wrapper vc_figure\">\n\t\t\t<div class=\"vc_single_image-wrapper   vc_box_border_grey\"><img loading=\"lazy\" decoding=\"async\" width=\"500\" height=\"400\" src=\"https:\/\/www.mcon-tr.com\/wp-content\/uploads\/2025\/01\/mcon.danismanlik.jpg\" class=\"vc_single_image-img attachment-full\" alt=\"\" title=\"mcon.danismanlik\" srcset=\"https:\/\/www.mcon-tr.com\/wp-content\/uploads\/2025\/01\/mcon.danismanlik.jpg 500w, https:\/\/www.mcon-tr.com\/wp-content\/uploads\/2025\/01\/mcon.danismanlik-300x240.jpg 300w, https:\/\/www.mcon-tr.com\/wp-content\/uploads\/2025\/01\/mcon.danismanlik-370x296.jpg 370w, https:\/\/www.mcon-tr.com\/wp-content\/uploads\/2025\/01\/mcon.danismanlik-360x288.jpg 360w\" sizes=\"auto, (max-width: 500px) 100vw, 500px\" \/><\/div>\n\t\t<\/figure>\n\t<\/div>\n<div class=\"vc_empty_space\"   style=\"height: 32px\"><span class=\"vc_empty_space_inner\"><\/span><\/div>\n\t<div  class=\"wpb_single_image wpb_content_element vc_align_center wpb_content_element\">\n\t\t\n\t\t<figure class=\"wpb_wrapper vc_figure\">\n\t\t\t<div class=\"vc_single_image-wrapper   vc_box_border_grey\"><img loading=\"lazy\" decoding=\"async\" width=\"500\" height=\"400\" src=\"https:\/\/www.mcon-tr.com\/wp-content\/uploads\/2025\/01\/macon.danismanlik2.jpg\" class=\"vc_single_image-img attachment-full\" alt=\"\" title=\"macon.danismanlik2\" srcset=\"https:\/\/www.mcon-tr.com\/wp-content\/uploads\/2025\/01\/macon.danismanlik2.jpg 500w, https:\/\/www.mcon-tr.com\/wp-content\/uploads\/2025\/01\/macon.danismanlik2-300x240.jpg 300w, https:\/\/www.mcon-tr.com\/wp-content\/uploads\/2025\/01\/macon.danismanlik2-370x296.jpg 370w, https:\/\/www.mcon-tr.com\/wp-content\/uploads\/2025\/01\/macon.danismanlik2-360x288.jpg 360w\" sizes=\"auto, (max-width: 500px) 100vw, 500px\" \/><\/div>\n\t\t<\/figure>\n\t<\/div>\n<\/div><\/div><\/div><div class=\"wpb_column vc_column_container vc_col-sm-6\"><div class=\"vc_column-inner\"><div class=\"wpb_wrapper\">\n\t<div class=\"wpb_text_column wpb_content_element\" >\n\t\t<div class=\"wpb_wrapper\">\n\t\t\t<p>Within the scope of project management consultancy services, from the beginning of the project <em><strong>Mcon<\/strong><\/em>\u00a0By offering a consultancy service that you will experience with the privilege, we redesign all processes that are determined to need to be handled differently in order to achieve the project goals. We provide consultancy services to our customers on improving project management processes by taking advantage of our knowledge in order to contribute to obtaining optimum efficiency and results from all processes of the projects and to solving the problems that may occur during the project period in the most effective way.<\/p>\n<p>Our goal is to increase the efficiency of all central and project teams in the project management system used by our customers and to support our customers in using their resources in the most effective way in today's conditions of increasing competition. Based on our experience and research, we collect information about potential problems by collaborating with our customers in order to determine the causes of problems that may occur in the process from project design to completion and to establish a better project management system.<\/p>\n<p>In order to improve the project management process, we create process analyzes by detailed analysis of the collected information and customer opinions. As a result of the analyses, we create a comprehensive road map for our customers by carrying out studies that will increase the efficiency and effectiveness of the project management processes, help reduce faulty manufacturing and optimize the use of project resources. We take an active role with our expert teams in the implementation of the road maps approved by our customers and contribute to achieving the desired results in all targeted improvement works.<\/p>\n\n\t\t<\/div>\n\t<\/div>\n<\/div><\/div><\/div><\/div>\n<\/div>","protected":false},"excerpt":{"rendered":"Proje y\u00f6netim dan\u0131\u015fmanl\u0131\u011f\u0131 hizmetleri kapsam\u0131nda, projenin ba\u015flang\u0131c\u0131ndan itibaren Mcon\u00a0ayr\u0131cal\u0131\u011f\u0131 ile deneyimleyece\u011finiz bir dan\u0131\u015fmanl\u0131k hizmeti sunarak, proje hedeflerini ger\u00e7ekle\u015ftirmek i\u00e7in farkl\u0131 ele al\u0131nmas\u0131 gerekti\u011fi belirlenen t\u00fcm s\u00fcre\u00e7leri yeniden tasarl\u0131yoruz. Projelerin t\u00fcm s\u00fcre\u00e7lerinden optimum verim ve sonu\u00e7lar\u0131n al\u0131nmas\u0131na, proje s\u00fcresi i\u00e7inde olu\u015fabilecek...","protected":false},"author":1,"featured_media":0,"parent":0,"menu_order":0,"comment_status":"closed","ping_status":"closed","template":"","meta":{"footnotes":""},"class_list":["post-944","page","type-page","status-publish","hentry"],"_links":{"self":[{"href":"https:\/\/www.mcon-tr.com\/en\/wp-json\/wp\/v2\/pages\/944","targetHints":{"allow":["GET"]}}],"collection":[{"href":"https:\/\/www.mcon-tr.com\/en\/wp-json\/wp\/v2\/pages"}],"about":[{"href":"https:\/\/www.mcon-tr.com\/en\/wp-json\/wp\/v2\/types\/page"}],"author":[{"embeddable":true,"href":"https:\/\/www.mcon-tr.com\/en\/wp-json\/wp\/v2\/users\/1"}],"replies":[{"embeddable":true,"href":"https:\/\/www.mcon-tr.com\/en\/wp-json\/wp\/v2\/comments?post=944"}],"version-history":[{"count":2,"href":"https:\/\/www.mcon-tr.com\/en\/wp-json\/wp\/v2\/pages\/944\/revisions"}],"predecessor-version":[{"id":977,"href":"https:\/\/www.mcon-tr.com\/en\/wp-json\/wp\/v2\/pages\/944\/revisions\/977"}],"wp:attachment":[{"href":"https:\/\/www.mcon-tr.com\/en\/wp-json\/wp\/v2\/media?parent=944"}],"curies":[{"name":"wp","href":"https:\/\/api.w.org\/{rel}","templated":true}]}}