{"id":948,"date":"2025-01-03T15:36:18","date_gmt":"2025-01-03T12:36:18","guid":{"rendered":"http:\/\/www.mcon-tr.com\/?page_id=948"},"modified":"2026-01-26T10:59:46","modified_gmt":"2026-01-26T07:59:46","slug":"insaat-taahhut","status":"publish","type":"page","link":"https:\/\/www.mcon-tr.com\/en\/insaat-taahhut\/","title":{"rendered":"BUILDING"},"content":{"rendered":"<div class=\"wpb-content-wrapper\"><div class=\"vc_row wpb_row vc_row-fluid\"><div class=\"wpb_column vc_column_container vc_col-sm-6\"><div class=\"vc_column-inner\"><div class=\"wpb_wrapper\">\n\t<div  class=\"wpb_single_image wpb_content_element vc_align_center wpb_content_element\">\n\t\t\n\t\t<figure class=\"wpb_wrapper vc_figure\">\n\t\t\t<div class=\"vc_single_image-wrapper   vc_box_border_grey\"><img loading=\"lazy\" decoding=\"async\" width=\"1200\" height=\"674\" src=\"https:\/\/www.mcon-tr.com\/wp-content\/uploads\/2025\/01\/INSAAT-TAAHHUT.jpg\" class=\"vc_single_image-img attachment-full\" alt=\"\" title=\"\u0130N\u015eAAT -TAAHH\u00dcT\" srcset=\"https:\/\/www.mcon-tr.com\/wp-content\/uploads\/2025\/01\/INSAAT-TAAHHUT.jpg 1200w, https:\/\/www.mcon-tr.com\/wp-content\/uploads\/2025\/01\/INSAAT-TAAHHUT-300x169.jpg 300w, https:\/\/www.mcon-tr.com\/wp-content\/uploads\/2025\/01\/INSAAT-TAAHHUT-1024x575.jpg 1024w, https:\/\/www.mcon-tr.com\/wp-content\/uploads\/2025\/01\/INSAAT-TAAHHUT-768x431.jpg 768w, https:\/\/www.mcon-tr.com\/wp-content\/uploads\/2025\/01\/INSAAT-TAAHHUT-370x208.jpg 370w, https:\/\/www.mcon-tr.com\/wp-content\/uploads\/2025\/01\/INSAAT-TAAHHUT-360x202.jpg 360w\" sizes=\"auto, (max-width: 1200px) 100vw, 1200px\" \/><\/div>\n\t\t<\/figure>\n\t<\/div>\n<div class=\"vc_empty_space\"   style=\"height: 32px\"><span class=\"vc_empty_space_inner\"><\/span><\/div>\n\t<div  class=\"wpb_single_image wpb_content_element vc_align_center wpb_content_element\">\n\t\t\n\t\t<figure class=\"wpb_wrapper vc_figure\">\n\t\t\t<div class=\"vc_single_image-wrapper   vc_box_border_grey\"><img loading=\"lazy\" decoding=\"async\" width=\"1280\" height=\"720\" src=\"https:\/\/www.mcon-tr.com\/wp-content\/uploads\/2025\/01\/INSAAT-TAAHHUT1.jpg\" class=\"vc_single_image-img attachment-full\" alt=\"\" title=\"\u0130N\u015eAAT -TAAHH\u00dcT1\" srcset=\"https:\/\/www.mcon-tr.com\/wp-content\/uploads\/2025\/01\/INSAAT-TAAHHUT1.jpg 1280w, https:\/\/www.mcon-tr.com\/wp-content\/uploads\/2025\/01\/INSAAT-TAAHHUT1-300x169.jpg 300w, https:\/\/www.mcon-tr.com\/wp-content\/uploads\/2025\/01\/INSAAT-TAAHHUT1-1024x576.jpg 1024w, https:\/\/www.mcon-tr.com\/wp-content\/uploads\/2025\/01\/INSAAT-TAAHHUT1-768x432.jpg 768w, https:\/\/www.mcon-tr.com\/wp-content\/uploads\/2025\/01\/INSAAT-TAAHHUT1-370x208.jpg 370w, https:\/\/www.mcon-tr.com\/wp-content\/uploads\/2025\/01\/INSAAT-TAAHHUT1-1200x675.jpg 1200w, https:\/\/www.mcon-tr.com\/wp-content\/uploads\/2025\/01\/INSAAT-TAAHHUT1-360x203.jpg 360w\" sizes=\"auto, (max-width: 1280px) 100vw, 1280px\" \/><\/div>\n\t\t<\/figure>\n\t<\/div>\n<\/div><\/div><\/div><div class=\"wpb_column vc_column_container vc_col-sm-6\"><div class=\"vc_column-inner\"><div class=\"wpb_wrapper\">\n\t<div class=\"wpb_text_column wpb_content_element\" >\n\t\t<div class=\"wpb_wrapper\">\n\t\t\t<p><strong><em>Mcon <\/em><\/strong>\u00a0olarak end\u00fcstriyel \u00fcst yap\u0131, idari bina, anahtar teslimi ve in\u015faat yap\u0131m\u0131, konut, i\u015f merkezi, i\u015fleri gibi bir\u00e7ok hizmet vermekteyiz.. \u0130\u015fimizi kaliteden \u00f6d\u00fcn vermeden ve m\u00fc\u015fteri memnuniyetini esas alarak b\u00fcy\u00fck bir titizlikle yapmaktay\u0131z.<br \/>\nIn line with the demands from our customers, we provide the best service as a scientific and reliable engineering and construction company that complies with the standards. We do our job in the best way possible with a solution-oriented approach, taking into account innovation and high technology.<\/p>\n\n\t\t<\/div>\n\t<\/div>\n\n\t<div class=\"wpb_text_column wpb_content_element\" >\n\t\t<div class=\"wpb_wrapper\">\n\t\t\t<p><strong><em>Mcon <\/em>,<\/strong> It is a limited construction company known both in Turkey and in the international market, and is a company that is aware of its responsibilities and protects its values. We specialize in building restoration projects, housing, shopping malls, offices, education and many other projects and serve our valued customers. The fact that we are a company known for its successfully completed quality projects, especially sustainable structures and focused on protecting the environment, reveals our difference in our projects. <strong><em>Mcon <\/em><\/strong>olarak\u00a0<em>Zero Accidents in Work Safety<\/em> It is among our goals to prioritize comfort and customer satisfaction along with our policy. We aim to be different in our designs, which do not ignore our mission, vision and values \u200b\u200bin every project we carry out, and aim for innovation and excellence every day.<strong><em>Mcon <\/em><\/strong>The services provided by Architectural Project are not sufficient; urban design, green building design and consultancy, project management, occupational safety, engineering services and project budget are among our services.<\/p>\n\n\t\t<\/div>\n\t<\/div>\n<\/div><\/div><\/div><\/div>\n<\/div>","protected":false},"excerpt":{"rendered":"Mcon \u00a0olarak end\u00fcstriyel \u00fcst yap\u0131, idari bina, anahtar teslimi ve in\u015faat yap\u0131m\u0131, konut, i\u015f merkezi, i\u015fleri gibi bir\u00e7ok hizmet vermekteyiz.. \u0130\u015fimizi kaliteden \u00f6d\u00fcn vermeden ve m\u00fc\u015fteri memnuniyetini esas alarak b\u00fcy\u00fck bir titizlikle yapmaktay\u0131z. M\u00fc\u015fterilerimizden gelen talepler do\u011frultusunda standartlara uygun, bilimsel...","protected":false},"author":1,"featured_media":0,"parent":0,"menu_order":0,"comment_status":"closed","ping_status":"closed","template":"","meta":{"footnotes":""},"class_list":["post-948","page","type-page","status-publish","hentry"],"_links":{"self":[{"href":"https:\/\/www.mcon-tr.com\/en\/wp-json\/wp\/v2\/pages\/948","targetHints":{"allow":["GET"]}}],"collection":[{"href":"https:\/\/www.mcon-tr.com\/en\/wp-json\/wp\/v2\/pages"}],"about":[{"href":"https:\/\/www.mcon-tr.com\/en\/wp-json\/wp\/v2\/types\/page"}],"author":[{"embeddable":true,"href":"https:\/\/www.mcon-tr.com\/en\/wp-json\/wp\/v2\/users\/1"}],"replies":[{"embeddable":true,"href":"https:\/\/www.mcon-tr.com\/en\/wp-json\/wp\/v2\/comments?post=948"}],"version-history":[{"count":6,"href":"https:\/\/www.mcon-tr.com\/en\/wp-json\/wp\/v2\/pages\/948\/revisions"}],"predecessor-version":[{"id":1035,"href":"https:\/\/www.mcon-tr.com\/en\/wp-json\/wp\/v2\/pages\/948\/revisions\/1035"}],"wp:attachment":[{"href":"https:\/\/www.mcon-tr.com\/en\/wp-json\/wp\/v2\/media?parent=948"}],"curies":[{"name":"wp","href":"https:\/\/api.w.org\/{rel}","templated":true}]}}