{"id":953,"date":"2025-01-03T15:55:13","date_gmt":"2025-01-03T12:55:13","guid":{"rendered":"http:\/\/www.mcon-tr.com\/?page_id=953"},"modified":"2025-01-08T17:17:36","modified_gmt":"2025-01-08T14:17:36","slug":"iskele","status":"publish","type":"page","link":"https:\/\/www.mcon-tr.com\/en\/iskele\/","title":{"rendered":"SCAFFOLDING"},"content":{"rendered":"<div class=\"wpb-content-wrapper\"><div class=\"vc_row wpb_row vc_row-fluid\"><div class=\"wpb_column vc_column_container vc_col-sm-6\"><div class=\"vc_column-inner\"><div class=\"wpb_wrapper\">\n\t<div  class=\"wpb_single_image wpb_content_element vc_align_center wpb_content_element\">\n\t\t\n\t\t<figure class=\"wpb_wrapper vc_figure\">\n\t\t\t<div class=\"vc_single_image-wrapper   vc_box_border_grey\"><img loading=\"lazy\" decoding=\"async\" width=\"500\" height=\"400\" src=\"https:\/\/www.mcon-tr.com\/wp-content\/uploads\/2025\/01\/mcon.iskele.jpg\" class=\"vc_single_image-img attachment-full\" alt=\"\" title=\"mcon.iskele\" srcset=\"https:\/\/www.mcon-tr.com\/wp-content\/uploads\/2025\/01\/mcon.iskele.jpg 500w, https:\/\/www.mcon-tr.com\/wp-content\/uploads\/2025\/01\/mcon.iskele-300x240.jpg 300w, https:\/\/www.mcon-tr.com\/wp-content\/uploads\/2025\/01\/mcon.iskele-370x296.jpg 370w, https:\/\/www.mcon-tr.com\/wp-content\/uploads\/2025\/01\/mcon.iskele-360x288.jpg 360w\" sizes=\"auto, (max-width: 500px) 100vw, 500px\" \/><\/div>\n\t\t<\/figure>\n\t<\/div>\n<div class=\"vc_empty_space\"   style=\"height: 32px\"><span class=\"vc_empty_space_inner\"><\/span><\/div>\n\t<div  class=\"wpb_single_image wpb_content_element vc_align_center wpb_content_element\">\n\t\t\n\t\t<figure class=\"wpb_wrapper vc_figure\">\n\t\t\t<div class=\"vc_single_image-wrapper   vc_box_border_grey\"><img loading=\"lazy\" decoding=\"async\" width=\"500\" height=\"400\" src=\"https:\/\/www.mcon-tr.com\/wp-content\/uploads\/2025\/01\/mcon.iskele.jpg1_.jpg\" class=\"vc_single_image-img attachment-full\" alt=\"\" title=\"mcon.iskele.jpg1\" srcset=\"https:\/\/www.mcon-tr.com\/wp-content\/uploads\/2025\/01\/mcon.iskele.jpg1_.jpg 500w, https:\/\/www.mcon-tr.com\/wp-content\/uploads\/2025\/01\/mcon.iskele.jpg1_-300x240.jpg 300w, https:\/\/www.mcon-tr.com\/wp-content\/uploads\/2025\/01\/mcon.iskele.jpg1_-370x296.jpg 370w, https:\/\/www.mcon-tr.com\/wp-content\/uploads\/2025\/01\/mcon.iskele.jpg1_-360x288.jpg 360w\" sizes=\"auto, (max-width: 500px) 100vw, 500px\" \/><\/div>\n\t\t<\/figure>\n\t<\/div>\n<\/div><\/div><\/div><div class=\"wpb_column vc_column_container vc_col-sm-6\"><div class=\"vc_column-inner\"><div class=\"wpb_wrapper\">\n\t<div class=\"wpb_text_column wpb_content_element\" >\n\t\t<div class=\"wpb_wrapper\">\n\t\t\t<p><span style=\"color: #000000; font-family: Arial;\"><em><strong>Mcon <\/strong><\/em>is a leader that offers all scaffolding and installation services required for the completion of the project, with professional teams and reliable and approved standard materials.'. We offer the expertise and equipment you need to create safe and durable working platforms for your projects.<em><strong>Mcon <\/strong><\/em>As, we are here to provide the highest standards of service in your construction projects.<\/span><\/p>\n<h3><span style=\"color: #000000; font-family: Arial;\">Why <em><strong>Mcon <\/strong><\/em>?<\/span><\/h3>\n<ol>\n<li><span style=\"color: #000000; font-family: Arial;\"><b>Our Expert Team:<\/b>\u00a0Our experienced and trained staff are experts in scaffolding installation and dismantling. We are here to support you at every stage of your projects.<\/span><\/li>\n<li><span style=\"color: #000000; font-family: Arial;\"><b>Reliable Equipment:\u00a0<\/b>The equipment we use is regularly maintained and checked in accordance with safety standards. This helps you create safe working environments in your projects.<\/span><\/li>\n<li><span style=\"color: #000000; font-family: Arial;\"><b>Fast and Effective Service: <\/b><strong><em>Mcon <\/em><\/strong>\u00a0As, we offer fast and effective service to ensure that you use your time in the most efficient way. We provide time and cost savings by offering solutions that meet the needs of your project.<\/span><\/li>\n<li><span style=\"color: #000000; font-family: Arial;\"><b>Customer Satisfaction:<\/b>\u00a0Customer satisfaction is our priority. We are in constant communication with you and are happy to offer solutions that meet your needs at every stage of your projects.<\/span><\/li>\n<\/ol>\n\n\t\t<\/div>\n\t<\/div>\n<\/div><\/div><\/div><\/div>\n<\/div>","protected":false},"excerpt":{"rendered":"Mcon ,projenin tamamlanmas\u0131 i\u00e7in gerekli olan t\u00fcm iskele ve kurulum hizmetlerini profesyonel ekiplerle, g\u00fcvenilir ve onayl\u0131 standar malzemeler sunan bir liderdir.'. Projelerinizde g\u00fcvenli ve sa\u011flam \u00e7al\u0131\u015fma platformlar\u0131 olu\u015fturmak i\u00e7in ihtiyac\u0131n\u0131z olan uzmanl\u0131\u011f\u0131 ve ekipmanlar\u0131 sunuyoruz.Mcon olarak, in\u015faat projelerinizde en y\u00fcksek...","protected":false},"author":1,"featured_media":0,"parent":0,"menu_order":0,"comment_status":"closed","ping_status":"closed","template":"","meta":{"footnotes":""},"class_list":["post-953","page","type-page","status-publish","hentry"],"_links":{"self":[{"href":"https:\/\/www.mcon-tr.com\/en\/wp-json\/wp\/v2\/pages\/953","targetHints":{"allow":["GET"]}}],"collection":[{"href":"https:\/\/www.mcon-tr.com\/en\/wp-json\/wp\/v2\/pages"}],"about":[{"href":"https:\/\/www.mcon-tr.com\/en\/wp-json\/wp\/v2\/types\/page"}],"author":[{"embeddable":true,"href":"https:\/\/www.mcon-tr.com\/en\/wp-json\/wp\/v2\/users\/1"}],"replies":[{"embeddable":true,"href":"https:\/\/www.mcon-tr.com\/en\/wp-json\/wp\/v2\/comments?post=953"}],"version-history":[{"count":4,"href":"https:\/\/www.mcon-tr.com\/en\/wp-json\/wp\/v2\/pages\/953\/revisions"}],"predecessor-version":[{"id":995,"href":"https:\/\/www.mcon-tr.com\/en\/wp-json\/wp\/v2\/pages\/953\/revisions\/995"}],"wp:attachment":[{"href":"https:\/\/www.mcon-tr.com\/en\/wp-json\/wp\/v2\/media?parent=953"}],"curies":[{"name":"wp","href":"https:\/\/api.w.org\/{rel}","templated":true}]}}